{"id":20,"date":"2019-06-06T16:07:15","date_gmt":"2019-06-06T16:07:15","guid":{"rendered":"http:\/\/valenmusic.com\/?page_id=20"},"modified":"2026-03-24T17:40:04","modified_gmt":"2026-03-24T17:40:04","slug":"about","status":"publish","type":"page","link":"https:\/\/valenmusic.com\/es\/about\/","title":{"rendered":"DJ VALEN"},"content":{"rendered":"<div data-elementor-type=\"wp-post\" data-elementor-id=\"20\" class=\"elementor elementor-20\">\n\t\t\t\t\t\t<section class=\"elementor-section elementor-top-section elementor-element elementor-element-2fd791d elementor-section-boxed elementor-section-height-default elementor-section-height-default\" data-id=\"2fd791d\" data-element_type=\"section\" data-e-type=\"section\">\n\t\t\t\t\t\t<div class=\"elementor-container elementor-column-gap-default\">\n\t\t\t\t\t<div class=\"elementor-column elementor-col-100 elementor-top-column elementor-element elementor-element-f70070d\" data-id=\"f70070d\" data-element_type=\"column\" data-e-type=\"column\">\n\t\t\t<div class=\"elementor-widget-wrap elementor-element-populated\">\n\t\t\t\t\t\t<div class=\"elementor-element elementor-element-27a07de elementor-widget elementor-widget-image\" data-id=\"27a07de\" data-element_type=\"widget\" data-e-type=\"widget\" data-widget_type=\"image.default\">\n\t\t\t\t<div class=\"elementor-widget-container\">\n\t\t\t\t\t\t\t\t\t\t\t\t\t\t\t<img fetchpriority=\"high\" decoding=\"async\" width=\"300\" height=\"300\" src=\"https:\/\/i0.wp.com\/valenmusic.com\/wp-content\/uploads\/V-A-alien-logo-black-scaled.jpg?resize=300%2C300&amp;ssl=1\" class=\"attachment-shop_catalog size-shop_catalog wp-image-608\" alt=\"\" srcset=\"https:\/\/i0.wp.com\/valenmusic.com\/wp-content\/uploads\/V-A-alien-logo-black-scaled.jpg?resize=150%2C150&amp;ssl=1 150w, https:\/\/i0.wp.com\/valenmusic.com\/wp-content\/uploads\/V-A-alien-logo-black-scaled.jpg?resize=640%2C640&amp;ssl=1 640w, https:\/\/i0.wp.com\/valenmusic.com\/wp-content\/uploads\/V-A-alien-logo-black-scaled.jpg?resize=50%2C50&amp;ssl=1 50w, https:\/\/i0.wp.com\/valenmusic.com\/wp-content\/uploads\/V-A-alien-logo-black-scaled.jpg?resize=300%2C300&amp;ssl=1 300w, https:\/\/i0.wp.com\/valenmusic.com\/wp-content\/uploads\/V-A-alien-logo-black-scaled.jpg?resize=100%2C100&amp;ssl=1 100w, https:\/\/i0.wp.com\/valenmusic.com\/wp-content\/uploads\/V-A-alien-logo-black-scaled.jpg?zoom=3&amp;resize=300%2C300&amp;ssl=1 900w\" sizes=\"(max-width: 300px) 100vw, 300px\" \/>\t\t\t\t\t\t\t\t\t\t\t\t\t\t\t<\/div>\n\t\t\t\t<\/div>\n\t\t\t\t\t<\/div>\n\t\t<\/div>\n\t\t\t\t\t<\/div>\n\t\t<\/section>\n\t\t\t\t<section class=\"elementor-section elementor-top-section elementor-element elementor-element-ccea431 elementor-section-boxed elementor-section-height-default elementor-section-height-default\" data-id=\"ccea431\" data-element_type=\"section\" data-e-type=\"section\">\n\t\t\t\t\t\t<div class=\"elementor-container elementor-column-gap-default\">\n\t\t\t\t\t<div class=\"elementor-column elementor-col-50 elementor-top-column elementor-element elementor-element-ed2a20a\" data-id=\"ed2a20a\" data-element_type=\"column\" data-e-type=\"column\">\n\t\t\t<div class=\"elementor-widget-wrap elementor-element-populated\">\n\t\t\t\t\t\t<div class=\"elementor-element elementor-element-d98d369 elementor-widget elementor-widget-text-editor\" data-id=\"d98d369\" data-element_type=\"widget\" data-e-type=\"widget\" data-widget_type=\"text-editor.default\">\n\t\t\t\t<div class=\"elementor-widget-container\">\n\t\t\t\t\t\t\t\t\t<p>Inspirado en un estilo futurista con influencias en daft punk Valenmusic crea Valen Alien, con un estilo que mezcla la musica electronica, el rock y el funk, generando diversos ritmos y sonidos con efectos de guitarra y voz, con un original casco rob\u00f3tico integrado con luces led acompa\u00f1ado con su guitarra el\u00e9ctrica tambi\u00e9n iluminada lo cual cautiva y encanta al publico general en cada presentacion, Valen Alien no solo brinda un estilo musical \u00fanico sino un espectacular show visual acompa\u00f1ado por efectos de luces y pantalla. En sus mas recientes producciones est\u00e1n temas como Paradise, French Love, Cus it cus it because it feel love, Spain, Victory entre otros.<\/p><p>Valen Alien Nace en Irlanda al rededor del a\u00f1o 2015 influenciado por la musica electr\u00f3nica de Dublin y tras vivir un avistamiento ovni en los cielos nocturnos de la ciudad de Waterford, Valen se ve inspirado a darle as\u00ed el toque final a su idea de incursionar en la musica electr\u00f3nica creando su estilo agregando asi el casco el cual seria la pieza clave de su imagen como Valen Alien, impulsado por su amigo Andrew C. Reconocido Dj de la movida nocturna irlandesa, Valen comienza a producir m\u00fasica house agregando sonidos y rift de guitarra el\u00e9ctrica y ac\u00fastica a su musica. En 2019 se muda a Espa\u00f1a donde el proyecto comienza a ser lanzado obteniendo as\u00ed diversas presentaciones al rededor del pais.<\/p>\t\t\t\t\t\t\t\t<\/div>\n\t\t\t\t<\/div>\n\t\t\t\t\t<\/div>\n\t\t<\/div>\n\t\t\t\t<div class=\"elementor-column elementor-col-50 elementor-top-column elementor-element elementor-element-7b80ecb\" data-id=\"7b80ecb\" data-element_type=\"column\" data-e-type=\"column\">\n\t\t\t<div class=\"elementor-widget-wrap elementor-element-populated\">\n\t\t\t\t\t\t<div class=\"elementor-element elementor-element-06c3c54 elementor-widget elementor-widget-image\" data-id=\"06c3c54\" data-element_type=\"widget\" data-e-type=\"widget\" data-widget_type=\"image.default\">\n\t\t\t\t<div class=\"elementor-widget-container\">\n\t\t\t\t\t\t\t\t\t\t\t\t\t\t\t<img decoding=\"async\" width=\"683\" height=\"1024\" src=\"https:\/\/i0.wp.com\/valenmusic.com\/wp-content\/uploads\/ValenAlien5.jpg?fit=683%2C1024&amp;ssl=1\" class=\"attachment-large size-large wp-image-607\" alt=\"\" srcset=\"https:\/\/i0.wp.com\/valenmusic.com\/wp-content\/uploads\/ValenAlien5.jpg?w=1280&amp;ssl=1 1280w, https:\/\/i0.wp.com\/valenmusic.com\/wp-content\/uploads\/ValenAlien5.jpg?resize=200%2C300&amp;ssl=1 200w, https:\/\/i0.wp.com\/valenmusic.com\/wp-content\/uploads\/ValenAlien5.jpg?resize=683%2C1024&amp;ssl=1 683w, https:\/\/i0.wp.com\/valenmusic.com\/wp-content\/uploads\/ValenAlien5.jpg?resize=768%2C1152&amp;ssl=1 768w, https:\/\/i0.wp.com\/valenmusic.com\/wp-content\/uploads\/ValenAlien5.jpg?resize=1024%2C1536&amp;ssl=1 1024w, https:\/\/i0.wp.com\/valenmusic.com\/wp-content\/uploads\/ValenAlien5.jpg?resize=8%2C12&amp;ssl=1 8w, https:\/\/i0.wp.com\/valenmusic.com\/wp-content\/uploads\/ValenAlien5.jpg?resize=600%2C900&amp;ssl=1 600w\" sizes=\"(max-width: 683px) 100vw, 683px\" \/>\t\t\t\t\t\t\t\t\t\t\t\t\t\t\t<\/div>\n\t\t\t\t<\/div>\n\t\t\t\t\t<\/div>\n\t\t<\/div>\n\t\t\t\t\t<\/div>\n\t\t<\/section>\n\t\t\t\t<section class=\"elementor-section elementor-top-section elementor-element elementor-element-12c0050 elementor-section-boxed elementor-section-height-default elementor-section-height-default\" data-id=\"12c0050\" data-element_type=\"section\" data-e-type=\"section\">\n\t\t\t\t\t\t<div class=\"elementor-container elementor-column-gap-default\">\n\t\t\t\t\t<div class=\"elementor-column elementor-col-33 elementor-top-column elementor-element elementor-element-c3da01b\" data-id=\"c3da01b\" data-element_type=\"column\" data-e-type=\"column\">\n\t\t\t<div class=\"elementor-widget-wrap elementor-element-populated\">\n\t\t\t\t\t\t<div class=\"elementor-element elementor-element-0ec244a elementor-widget elementor-widget-image\" data-id=\"0ec244a\" data-element_type=\"widget\" data-e-type=\"widget\" data-widget_type=\"image.default\">\n\t\t\t\t<div class=\"elementor-widget-container\">\n\t\t\t\t\t\t\t\t\t\t\t\t\t\t\t<img decoding=\"async\" width=\"683\" height=\"1024\" src=\"https:\/\/i0.wp.com\/valenmusic.com\/wp-content\/uploads\/ValenAlien3-scaled.jpg?fit=683%2C1024&amp;ssl=1\" class=\"attachment-large size-large wp-image-609\" alt=\"\" srcset=\"https:\/\/i0.wp.com\/valenmusic.com\/wp-content\/uploads\/ValenAlien3-scaled.jpg?w=1707&amp;ssl=1 1707w, https:\/\/i0.wp.com\/valenmusic.com\/wp-content\/uploads\/ValenAlien3-scaled.jpg?resize=200%2C300&amp;ssl=1 200w, https:\/\/i0.wp.com\/valenmusic.com\/wp-content\/uploads\/ValenAlien3-scaled.jpg?resize=683%2C1024&amp;ssl=1 683w, https:\/\/i0.wp.com\/valenmusic.com\/wp-content\/uploads\/ValenAlien3-scaled.jpg?resize=768%2C1152&amp;ssl=1 768w, https:\/\/i0.wp.com\/valenmusic.com\/wp-content\/uploads\/ValenAlien3-scaled.jpg?resize=1024%2C1536&amp;ssl=1 1024w, https:\/\/i0.wp.com\/valenmusic.com\/wp-content\/uploads\/ValenAlien3-scaled.jpg?resize=1365%2C2048&amp;ssl=1 1365w, https:\/\/i0.wp.com\/valenmusic.com\/wp-content\/uploads\/ValenAlien3-scaled.jpg?resize=8%2C12&amp;ssl=1 8w, https:\/\/i0.wp.com\/valenmusic.com\/wp-content\/uploads\/ValenAlien3-scaled.jpg?resize=600%2C900&amp;ssl=1 600w\" sizes=\"(max-width: 683px) 100vw, 683px\" \/>\t\t\t\t\t\t\t\t\t\t\t\t\t\t\t<\/div>\n\t\t\t\t<\/div>\n\t\t\t\t\t<\/div>\n\t\t<\/div>\n\t\t\t\t<div class=\"elementor-column elementor-col-33 elementor-top-column elementor-element elementor-element-73fd614\" data-id=\"73fd614\" data-element_type=\"column\" data-e-type=\"column\">\n\t\t\t<div class=\"elementor-widget-wrap elementor-element-populated\">\n\t\t\t\t\t\t<div class=\"elementor-element elementor-element-339c8d8 elementor-widget elementor-widget-image\" data-id=\"339c8d8\" data-element_type=\"widget\" data-e-type=\"widget\" data-widget_type=\"image.default\">\n\t\t\t\t<div class=\"elementor-widget-container\">\n\t\t\t\t\t\t\t\t\t\t\t\t\t\t\t<img loading=\"lazy\" decoding=\"async\" width=\"683\" height=\"1024\" src=\"https:\/\/i0.wp.com\/valenmusic.com\/wp-content\/uploads\/ValenAlien4-scaled.jpg?fit=683%2C1024&amp;ssl=1\" class=\"attachment-large size-large wp-image-610\" alt=\"\" srcset=\"https:\/\/i0.wp.com\/valenmusic.com\/wp-content\/uploads\/ValenAlien4-scaled.jpg?w=1707&amp;ssl=1 1707w, https:\/\/i0.wp.com\/valenmusic.com\/wp-content\/uploads\/ValenAlien4-scaled.jpg?resize=200%2C300&amp;ssl=1 200w, https:\/\/i0.wp.com\/valenmusic.com\/wp-content\/uploads\/ValenAlien4-scaled.jpg?resize=683%2C1024&amp;ssl=1 683w, https:\/\/i0.wp.com\/valenmusic.com\/wp-content\/uploads\/ValenAlien4-scaled.jpg?resize=768%2C1152&amp;ssl=1 768w, https:\/\/i0.wp.com\/valenmusic.com\/wp-content\/uploads\/ValenAlien4-scaled.jpg?resize=1024%2C1536&amp;ssl=1 1024w, https:\/\/i0.wp.com\/valenmusic.com\/wp-content\/uploads\/ValenAlien4-scaled.jpg?resize=1365%2C2048&amp;ssl=1 1365w, https:\/\/i0.wp.com\/valenmusic.com\/wp-content\/uploads\/ValenAlien4-scaled.jpg?resize=8%2C12&amp;ssl=1 8w, https:\/\/i0.wp.com\/valenmusic.com\/wp-content\/uploads\/ValenAlien4-scaled.jpg?resize=600%2C900&amp;ssl=1 600w\" sizes=\"(max-width: 683px) 100vw, 683px\" \/>\t\t\t\t\t\t\t\t\t\t\t\t\t\t\t<\/div>\n\t\t\t\t<\/div>\n\t\t\t\t\t<\/div>\n\t\t<\/div>\n\t\t\t\t<div class=\"elementor-column elementor-col-33 elementor-top-column elementor-element elementor-element-eb8d86b\" data-id=\"eb8d86b\" data-element_type=\"column\" data-e-type=\"column\">\n\t\t\t<div class=\"elementor-widget-wrap elementor-element-populated\">\n\t\t\t\t\t\t<div class=\"elementor-element elementor-element-a57baa9 elementor-widget elementor-widget-image\" data-id=\"a57baa9\" data-element_type=\"widget\" data-e-type=\"widget\" data-widget_type=\"image.default\">\n\t\t\t\t<div class=\"elementor-widget-container\">\n\t\t\t\t\t\t\t\t\t\t\t\t\t\t\t<img loading=\"lazy\" decoding=\"async\" width=\"683\" height=\"1024\" src=\"https:\/\/i0.wp.com\/valenmusic.com\/wp-content\/uploads\/Vapic1-scaled.jpg?fit=683%2C1024&amp;ssl=1\" class=\"attachment-large size-large wp-image-611\" alt=\"\" srcset=\"https:\/\/i0.wp.com\/valenmusic.com\/wp-content\/uploads\/Vapic1-scaled.jpg?w=1707&amp;ssl=1 1707w, https:\/\/i0.wp.com\/valenmusic.com\/wp-content\/uploads\/Vapic1-scaled.jpg?resize=200%2C300&amp;ssl=1 200w, https:\/\/i0.wp.com\/valenmusic.com\/wp-content\/uploads\/Vapic1-scaled.jpg?resize=683%2C1024&amp;ssl=1 683w, https:\/\/i0.wp.com\/valenmusic.com\/wp-content\/uploads\/Vapic1-scaled.jpg?resize=768%2C1152&amp;ssl=1 768w, https:\/\/i0.wp.com\/valenmusic.com\/wp-content\/uploads\/Vapic1-scaled.jpg?resize=1024%2C1536&amp;ssl=1 1024w, https:\/\/i0.wp.com\/valenmusic.com\/wp-content\/uploads\/Vapic1-scaled.jpg?resize=1365%2C2048&amp;ssl=1 1365w, https:\/\/i0.wp.com\/valenmusic.com\/wp-content\/uploads\/Vapic1-scaled.jpg?resize=8%2C12&amp;ssl=1 8w, https:\/\/i0.wp.com\/valenmusic.com\/wp-content\/uploads\/Vapic1-scaled.jpg?resize=600%2C900&amp;ssl=1 600w\" sizes=\"(max-width: 683px) 100vw, 683px\" \/>\t\t\t\t\t\t\t\t\t\t\t\t\t\t\t<\/div>\n\t\t\t\t<\/div>\n\t\t\t\t\t<\/div>\n\t\t<\/div>\n\t\t\t\t\t<\/div>\n\t\t<\/section>\n\t\t\t\t<section class=\"elementor-section elementor-top-section elementor-element elementor-element-eb65d94 elementor-section-boxed elementor-section-height-default elementor-section-height-default\" data-id=\"eb65d94\" data-element_type=\"section\" data-e-type=\"section\">\n\t\t\t\t\t\t<div class=\"elementor-container elementor-column-gap-default\">\n\t\t\t\t\t<div class=\"elementor-column elementor-col-100 elementor-top-column elementor-element elementor-element-bbc4021\" data-id=\"bbc4021\" data-element_type=\"column\" data-e-type=\"column\">\n\t\t\t<div class=\"elementor-widget-wrap elementor-element-populated\">\n\t\t\t\t\t\t<div class=\"elementor-element elementor-element-45e7bc2 elementor-widget elementor-widget-video\" data-id=\"45e7bc2\" data-element_type=\"widget\" data-e-type=\"widget\" data-settings=\"{&quot;youtube_url&quot;:&quot;https:\\\/\\\/www.youtube.com\\\/watch?v=517_UOw5q4s&amp;list=PLXSp_dgLYi1wIam4R7P4wjOSeRbDZqJJi&quot;,&quot;video_type&quot;:&quot;youtube&quot;,&quot;controls&quot;:&quot;yes&quot;}\" data-widget_type=\"video.default\">\n\t\t\t\t<div class=\"elementor-widget-container\">\n\t\t\t\t\t\t\t<div class=\"elementor-wrapper elementor-open-inline\">\n\t\t\t<div class=\"elementor-video\"><\/div>\t\t<\/div>\n\t\t\t\t\t\t<\/div>\n\t\t\t\t<\/div>\n\t\t\t\t\t<\/div>\n\t\t<\/div>\n\t\t\t\t\t<\/div>\n\t\t<\/section>\n\t\t\t\t<section class=\"elementor-section elementor-top-section elementor-element elementor-element-15ff7c4 elementor-section-boxed elementor-section-height-default elementor-section-height-default\" data-id=\"15ff7c4\" data-element_type=\"section\" data-e-type=\"section\">\n\t\t\t\t\t\t<div class=\"elementor-container elementor-column-gap-default\">\n\t\t\t\t\t<div class=\"elementor-column elementor-col-100 elementor-top-column elementor-element elementor-element-20c3552\" data-id=\"20c3552\" data-element_type=\"column\" data-e-type=\"column\">\n\t\t\t<div class=\"elementor-widget-wrap elementor-element-populated\">\n\t\t\t\t\t\t<div class=\"elementor-element elementor-element-3cda3c0 elementor-widget elementor-widget-heading\" data-id=\"3cda3c0\" data-element_type=\"widget\" data-e-type=\"widget\" data-widget_type=\"heading.default\">\n\t\t\t\t<div class=\"elementor-widget-container\">\n\t\t\t\t\t<h2 class=\"elementor-heading-title elementor-size-default\">SOCIAL MEDIA<\/h2>\t\t\t\t<\/div>\n\t\t\t\t<\/div>\n\t\t\t\t\t<\/div>\n\t\t<\/div>\n\t\t\t\t\t<\/div>\n\t\t<\/section>\n\t\t\t\t<section class=\"elementor-section elementor-top-section elementor-element elementor-element-7d934f9 elementor-section-boxed elementor-section-height-default elementor-section-height-default\" data-id=\"7d934f9\" data-element_type=\"section\" data-e-type=\"section\">\n\t\t\t\t\t\t<div class=\"elementor-container elementor-column-gap-default\">\n\t\t\t\t\t<div class=\"elementor-column elementor-col-100 elementor-top-column elementor-element elementor-element-16ca37b\" data-id=\"16ca37b\" data-element_type=\"column\" data-e-type=\"column\">\n\t\t\t<div class=\"elementor-widget-wrap elementor-element-populated\">\n\t\t\t\t\t\t<div class=\"elementor-element elementor-element-fc443d2 elementor-shape-rounded elementor-grid-0 e-grid-align-center elementor-widget elementor-widget-social-icons\" data-id=\"fc443d2\" data-element_type=\"widget\" data-e-type=\"widget\" data-widget_type=\"social-icons.default\">\n\t\t\t\t<div class=\"elementor-widget-container\">\n\t\t\t\t\t\t\t<div class=\"elementor-social-icons-wrapper elementor-grid\" role=\"list\">\n\t\t\t\t\t\t\t<span class=\"elementor-grid-item\" role=\"listitem\">\n\t\t\t\t\t<a class=\"elementor-icon elementor-social-icon elementor-social-icon-facebook elementor-repeater-item-ac40cfa\" href=\"https:\/\/www.facebook.com\/djvalenalien\/?locale=es_LA\" target=\"_blank\">\n\t\t\t\t\t\t<span class=\"elementor-screen-only\">Facebook<\/span>\n\t\t\t\t\t\t<i aria-hidden=\"true\" class=\"fab fa-facebook\"><\/i>\t\t\t\t\t<\/a>\n\t\t\t\t<\/span>\n\t\t\t\t\t\t\t<span class=\"elementor-grid-item\" role=\"listitem\">\n\t\t\t\t\t<a class=\"elementor-icon elementor-social-icon elementor-social-icon-youtube elementor-repeater-item-53797c4\" href=\"https:\/\/www.youtube.com\/@ValenAlien\" target=\"_blank\">\n\t\t\t\t\t\t<span class=\"elementor-screen-only\">Youtube<\/span>\n\t\t\t\t\t\t<i aria-hidden=\"true\" class=\"fab fa-youtube\"><\/i>\t\t\t\t\t<\/a>\n\t\t\t\t<\/span>\n\t\t\t\t\t\t\t<span class=\"elementor-grid-item\" role=\"listitem\">\n\t\t\t\t\t<a class=\"elementor-icon elementor-social-icon elementor-social-icon-spotify elementor-repeater-item-0c4d1b4\" href=\"https:\/\/open.spotify.com\/artist\/3uuSRPpWbLo80XJLmNxntB\" target=\"_blank\">\n\t\t\t\t\t\t<span class=\"elementor-screen-only\">Spotify<\/span>\n\t\t\t\t\t\t<i aria-hidden=\"true\" class=\"fab fa-spotify\"><\/i>\t\t\t\t\t<\/a>\n\t\t\t\t<\/span>\n\t\t\t\t\t\t\t<span class=\"elementor-grid-item\" role=\"listitem\">\n\t\t\t\t\t<a class=\"elementor-icon elementor-social-icon elementor-social-icon-soundcloud elementor-repeater-item-0e95885\" href=\"https:\/\/soundcloud.com\/djvalenalien\" target=\"_blank\">\n\t\t\t\t\t\t<span class=\"elementor-screen-only\">Soundcloud<\/span>\n\t\t\t\t\t\t<i aria-hidden=\"true\" class=\"fab fa-soundcloud\"><\/i>\t\t\t\t\t<\/a>\n\t\t\t\t<\/span>\n\t\t\t\t\t\t\t<span class=\"elementor-grid-item\" role=\"listitem\">\n\t\t\t\t\t<a class=\"elementor-icon elementor-social-icon elementor-social-icon-instagram elementor-repeater-item-1675ed4\" href=\"https:\/\/www.instagram.com\/valen_alien\/\" target=\"_blank\">\n\t\t\t\t\t\t<span class=\"elementor-screen-only\">Instagram<\/span>\n\t\t\t\t\t\t<i aria-hidden=\"true\" class=\"fab fa-instagram\"><\/i>\t\t\t\t\t<\/a>\n\t\t\t\t<\/span>\n\t\t\t\t\t<\/div>\n\t\t\t\t\t\t<\/div>\n\t\t\t\t<\/div>\n\t\t\t\t\t<\/div>\n\t\t<\/div>\n\t\t\t\t\t<\/div>\n\t\t<\/section>\n\t\t\t\t<\/div>","protected":false},"excerpt":{"rendered":"<p>Inspired by a futuristic style with Daft Punk influences, Valenmusic created Valen Alien, a band whose style blends electronic music, rock, and funk, generating diverse rhythms and sounds with guitar and vocal effects. Valen Alien wears an original robotic helmet integrated with LED lights, accompanied by an illuminated electric guitar, captivating and enchanting audiences at&hellip;&nbsp;<a href=\"https:\/\/valenmusic.com\/es\/about\/\" rel=\"bookmark\">Leer m\u00e1s &raquo;<span class=\"screen-reader-text\">DJ VALEN<\/span><\/a><\/p>","protected":false},"author":1,"featured_media":0,"parent":0,"menu_order":0,"comment_status":"closed","ping_status":"closed","template":"page-templates\/template-pagebuilder-full-width.php","meta":{"neve_meta_sidebar":"","neve_meta_container":"","neve_meta_enable_content_width":"","neve_meta_content_width":70,"neve_meta_title_alignment":"","neve_meta_author_avatar":"","neve_post_elements_order":"","neve_meta_disable_header":"","neve_meta_disable_footer":"","neve_meta_disable_title":"","_themeisle_gutenberg_block_has_review":false,"footnotes":""},"class_list":["post-20","page","type-page","status-publish","hentry"],"jetpack_sharing_enabled":true,"_links":{"self":[{"href":"https:\/\/valenmusic.com\/es\/wp-json\/wp\/v2\/pages\/20","targetHints":{"allow":["GET"]}}],"collection":[{"href":"https:\/\/valenmusic.com\/es\/wp-json\/wp\/v2\/pages"}],"about":[{"href":"https:\/\/valenmusic.com\/es\/wp-json\/wp\/v2\/types\/page"}],"author":[{"embeddable":true,"href":"https:\/\/valenmusic.com\/es\/wp-json\/wp\/v2\/users\/1"}],"replies":[{"embeddable":true,"href":"https:\/\/valenmusic.com\/es\/wp-json\/wp\/v2\/comments?post=20"}],"version-history":[{"count":27,"href":"https:\/\/valenmusic.com\/es\/wp-json\/wp\/v2\/pages\/20\/revisions"}],"predecessor-version":[{"id":750,"href":"https:\/\/valenmusic.com\/es\/wp-json\/wp\/v2\/pages\/20\/revisions\/750"}],"wp:attachment":[{"href":"https:\/\/valenmusic.com\/es\/wp-json\/wp\/v2\/media?parent=20"}],"curies":[{"name":"wp","href":"https:\/\/api.w.org\/{rel}","templated":true}]}}