{"id":648,"date":"2025-03-30T01:28:55","date_gmt":"2025-03-30T01:28:55","guid":{"rendered":"https:\/\/valenmusic.com\/?page_id=648"},"modified":"2026-03-24T17:24:11","modified_gmt":"2026-03-24T17:24:11","slug":"valen-guitar-2","status":"publish","type":"page","link":"https:\/\/valenmusic.com\/es\/valen-guitar-2\/","title":{"rendered":"Valen Guitar"},"content":{"rendered":"<div data-elementor-type=\"wp-page\" data-elementor-id=\"648\" class=\"elementor elementor-648\">\n\t\t\t\t\t\t<section class=\"elementor-section elementor-top-section elementor-element elementor-element-382cde0 elementor-section-boxed elementor-section-height-default elementor-section-height-default\" data-id=\"382cde0\" data-element_type=\"section\" data-e-type=\"section\">\n\t\t\t\t\t\t<div class=\"elementor-container elementor-column-gap-default\">\n\t\t\t\t\t<div class=\"elementor-column elementor-col-100 elementor-top-column elementor-element elementor-element-8b0c148\" data-id=\"8b0c148\" data-element_type=\"column\" data-e-type=\"column\">\n\t\t\t<div class=\"elementor-widget-wrap elementor-element-populated\">\n\t\t\t\t\t\t<div class=\"elementor-element elementor-element-3ef12b1 elementor-widget elementor-widget-image\" data-id=\"3ef12b1\" data-element_type=\"widget\" data-e-type=\"widget\" data-widget_type=\"image.default\">\n\t\t\t\t<div class=\"elementor-widget-container\">\n\t\t\t\t\t\t\t\t\t\t\t\t\t\t\t<img fetchpriority=\"high\" decoding=\"async\" width=\"300\" height=\"300\" src=\"https:\/\/i0.wp.com\/valenmusic.com\/wp-content\/uploads\/ValenGuitar-logo.png?resize=300%2C300&amp;ssl=1\" class=\"attachment-shop_catalog size-shop_catalog wp-image-672\" alt=\"\" srcset=\"https:\/\/i0.wp.com\/valenmusic.com\/wp-content\/uploads\/ValenGuitar-logo.png?resize=150%2C150&amp;ssl=1 150w, https:\/\/i0.wp.com\/valenmusic.com\/wp-content\/uploads\/ValenGuitar-logo.png?resize=13%2C12&amp;ssl=1 13w, https:\/\/i0.wp.com\/valenmusic.com\/wp-content\/uploads\/ValenGuitar-logo.png?resize=640%2C640&amp;ssl=1 640w, https:\/\/i0.wp.com\/valenmusic.com\/wp-content\/uploads\/ValenGuitar-logo.png?resize=50%2C50&amp;ssl=1 50w, https:\/\/i0.wp.com\/valenmusic.com\/wp-content\/uploads\/ValenGuitar-logo.png?resize=300%2C300&amp;ssl=1 300w, https:\/\/i0.wp.com\/valenmusic.com\/wp-content\/uploads\/ValenGuitar-logo.png?resize=100%2C100&amp;ssl=1 100w, https:\/\/i0.wp.com\/valenmusic.com\/wp-content\/uploads\/ValenGuitar-logo.png?zoom=3&amp;resize=300%2C300&amp;ssl=1 900w\" sizes=\"(max-width: 300px) 100vw, 300px\" \/>\t\t\t\t\t\t\t\t\t\t\t\t\t\t\t<\/div>\n\t\t\t\t<\/div>\n\t\t\t\t\t<\/div>\n\t\t<\/div>\n\t\t\t\t\t<\/div>\n\t\t<\/section>\n\t\t\t\t<section class=\"elementor-section elementor-top-section elementor-element elementor-element-2b6789a elementor-section-boxed elementor-section-height-default elementor-section-height-default\" data-id=\"2b6789a\" data-element_type=\"section\" data-e-type=\"section\">\n\t\t\t\t\t\t<div class=\"elementor-container elementor-column-gap-default\">\n\t\t\t\t\t<div class=\"elementor-column elementor-col-100 elementor-top-column elementor-element elementor-element-a017e9f\" data-id=\"a017e9f\" data-element_type=\"column\" data-e-type=\"column\">\n\t\t\t<div class=\"elementor-widget-wrap elementor-element-populated\">\n\t\t\t\t\t\t<div class=\"elementor-element elementor-element-e356bed elementor-widget elementor-widget-heading\" data-id=\"e356bed\" data-element_type=\"widget\" data-e-type=\"widget\" data-widget_type=\"heading.default\">\n\t\t\t\t<div class=\"elementor-widget-container\">\n\t\t\t\t\t<h2 class=\"elementor-heading-title elementor-size-default\">VALEN GUITAR<\/h2>\t\t\t\t<\/div>\n\t\t\t\t<\/div>\n\t\t\t\t\t<\/div>\n\t\t<\/div>\n\t\t\t\t\t<\/div>\n\t\t<\/section>\n\t\t\t\t<section class=\"elementor-section elementor-top-section elementor-element elementor-element-59c9617 elementor-section-boxed elementor-section-height-default elementor-section-height-default\" data-id=\"59c9617\" data-element_type=\"section\" data-e-type=\"section\">\n\t\t\t\t\t\t<div class=\"elementor-container elementor-column-gap-default\">\n\t\t\t\t\t<div class=\"elementor-column elementor-col-50 elementor-top-column elementor-element elementor-element-c4b1683\" data-id=\"c4b1683\" data-element_type=\"column\" data-e-type=\"column\">\n\t\t\t<div class=\"elementor-widget-wrap elementor-element-populated\">\n\t\t\t\t\t\t<div class=\"elementor-element elementor-element-c0eb0f8 elementor-widget elementor-widget-text-editor\" data-id=\"c0eb0f8\" data-element_type=\"widget\" data-e-type=\"widget\" data-widget_type=\"text-editor.default\">\n\t\t\t\t<div class=\"elementor-widget-container\">\n\t\t\t\t\t\t\t\t\t<p>Maestro Guitarrista egresado con honores del tecnol\u00f3gico de musica de Valencia Venezuela, alumno del maestro Franco Nasic y disc\u00edpulo del guitarrista y productor Rudy Pagliuca (Guitarrista de Malanga), Valen durante 7 a\u00f1os fue conocido como Baruck, siendo el guitarrista , co-productor y compositor del Album \"Hasta adentro de tu coraz\u00f3n\" , con el cual junto con su hermana Nieves (cantante) realizaron un sin numero de giras de medios y conciertos en Venezuela y Espa\u00f1a. en 2013 se muda a \u00a0Irlanda pa\u00eds donde permaneci\u00f3 durante 7 a\u00f1os y en donde tuvieron diversas presentaciones.<\/p><p>En 2019\u00a0se muda a Espa\u00f1a donde comienza a deleitar el publico espa\u00f1ol como extranjero present\u00e1ndose como guitarrista bajo el nombre Valen Guitar, proyecto que lo llevar\u00eda a ser unos de los principales guitarristas de espect\u00e1culos en Andaluc\u00eda, presentando un show Original el cual consist\u00eda no solo en instrumentales de canciones exitosas en diferentes g\u00e9neros como Pop, House, Rock cl\u00e1sico,\u00a0 Funk, rom\u00e1nticas y flamenco sino exhibidos con un estilo \u00fanico y jamas visto en el pa\u00eds, alternando en vestimentas tropicales, elegantes y el tan llamativo capit\u00e1n de marina y polic\u00eda , los cuales adornados con sus guitarras el\u00e9ctricas iluminadas con luces led, lazer y pirotecnia han llevado a las fiestas y animaciones al siguiente nivel, presentando su show en los mas prestigiosos hoteles y clubes nocturnos de M\u00e1laga - Marbella, a su vez Valen Guitar a tenido presentaciones de estilo flamenco en teatros y chiringuitos cautivado al publico con su maestr\u00eda en la guitarra siendo capas de dominar tanto el estilo el\u00e9ctrico hasta el tan dif\u00edcil y respetado en el mundo de la guitarra como el Flamenco.<\/p>\t\t\t\t\t\t\t\t<\/div>\n\t\t\t\t<\/div>\n\t\t\t\t\t<\/div>\n\t\t<\/div>\n\t\t\t\t<div class=\"elementor-column elementor-col-50 elementor-top-column elementor-element elementor-element-c4174ab\" data-id=\"c4174ab\" data-element_type=\"column\" data-e-type=\"column\">\n\t\t\t<div class=\"elementor-widget-wrap elementor-element-populated\">\n\t\t\t\t\t\t<div class=\"elementor-element elementor-element-49ca6e8 elementor-widget elementor-widget-image\" data-id=\"49ca6e8\" data-element_type=\"widget\" data-e-type=\"widget\" data-widget_type=\"image.default\">\n\t\t\t\t<div class=\"elementor-widget-container\">\n\t\t\t\t\t\t\t\t\t\t\t\t\t\t\t<img decoding=\"async\" width=\"576\" height=\"1024\" src=\"https:\/\/i0.wp.com\/valenmusic.com\/wp-content\/uploads\/VGuitar.jpg?fit=576%2C1024&amp;ssl=1\" class=\"attachment-large size-large wp-image-665\" alt=\"\" srcset=\"https:\/\/i0.wp.com\/valenmusic.com\/wp-content\/uploads\/VGuitar.jpg?w=1080&amp;ssl=1 1080w, https:\/\/i0.wp.com\/valenmusic.com\/wp-content\/uploads\/VGuitar.jpg?resize=169%2C300&amp;ssl=1 169w, https:\/\/i0.wp.com\/valenmusic.com\/wp-content\/uploads\/VGuitar.jpg?resize=576%2C1024&amp;ssl=1 576w, https:\/\/i0.wp.com\/valenmusic.com\/wp-content\/uploads\/VGuitar.jpg?resize=768%2C1365&amp;ssl=1 768w, https:\/\/i0.wp.com\/valenmusic.com\/wp-content\/uploads\/VGuitar.jpg?resize=864%2C1536&amp;ssl=1 864w, https:\/\/i0.wp.com\/valenmusic.com\/wp-content\/uploads\/VGuitar.jpg?resize=7%2C12&amp;ssl=1 7w, https:\/\/i0.wp.com\/valenmusic.com\/wp-content\/uploads\/VGuitar.jpg?resize=600%2C1067&amp;ssl=1 600w\" sizes=\"(max-width: 576px) 100vw, 576px\" \/>\t\t\t\t\t\t\t\t\t\t\t\t\t\t\t<\/div>\n\t\t\t\t<\/div>\n\t\t\t\t\t<\/div>\n\t\t<\/div>\n\t\t\t\t\t<\/div>\n\t\t<\/section>\n\t\t\t\t<section class=\"elementor-section elementor-top-section elementor-element elementor-element-f471d25 elementor-section-boxed elementor-section-height-default elementor-section-height-default\" data-id=\"f471d25\" data-element_type=\"section\" data-e-type=\"section\">\n\t\t\t\t\t\t<div class=\"elementor-container elementor-column-gap-default\">\n\t\t\t\t\t<div class=\"elementor-column elementor-col-33 elementor-top-column elementor-element elementor-element-5765c1e\" data-id=\"5765c1e\" data-element_type=\"column\" data-e-type=\"column\">\n\t\t\t<div class=\"elementor-widget-wrap elementor-element-populated\">\n\t\t\t\t\t\t<div class=\"elementor-element elementor-element-2624aae elementor-widget elementor-widget-image\" data-id=\"2624aae\" data-element_type=\"widget\" data-e-type=\"widget\" data-widget_type=\"image.default\">\n\t\t\t\t<div class=\"elementor-widget-container\">\n\t\t\t\t\t\t\t\t\t\t\t\t\t\t\t<img decoding=\"async\" width=\"683\" height=\"1024\" src=\"https:\/\/i0.wp.com\/valenmusic.com\/wp-content\/uploads\/n9.jpg?fit=683%2C1024&amp;ssl=1\" class=\"attachment-large size-large wp-image-666\" alt=\"\" srcset=\"https:\/\/i0.wp.com\/valenmusic.com\/wp-content\/uploads\/n9.jpg?w=1280&amp;ssl=1 1280w, https:\/\/i0.wp.com\/valenmusic.com\/wp-content\/uploads\/n9.jpg?resize=200%2C300&amp;ssl=1 200w, https:\/\/i0.wp.com\/valenmusic.com\/wp-content\/uploads\/n9.jpg?resize=683%2C1024&amp;ssl=1 683w, https:\/\/i0.wp.com\/valenmusic.com\/wp-content\/uploads\/n9.jpg?resize=768%2C1152&amp;ssl=1 768w, https:\/\/i0.wp.com\/valenmusic.com\/wp-content\/uploads\/n9.jpg?resize=1024%2C1536&amp;ssl=1 1024w, https:\/\/i0.wp.com\/valenmusic.com\/wp-content\/uploads\/n9.jpg?resize=8%2C12&amp;ssl=1 8w, https:\/\/i0.wp.com\/valenmusic.com\/wp-content\/uploads\/n9.jpg?resize=600%2C900&amp;ssl=1 600w\" sizes=\"(max-width: 683px) 100vw, 683px\" \/>\t\t\t\t\t\t\t\t\t\t\t\t\t\t\t<\/div>\n\t\t\t\t<\/div>\n\t\t\t\t\t<\/div>\n\t\t<\/div>\n\t\t\t\t<div class=\"elementor-column elementor-col-33 elementor-top-column elementor-element elementor-element-884cf05\" data-id=\"884cf05\" data-element_type=\"column\" data-e-type=\"column\">\n\t\t\t<div class=\"elementor-widget-wrap elementor-element-populated\">\n\t\t\t\t\t\t<div class=\"elementor-element elementor-element-f0c03b1 elementor-widget elementor-widget-image\" data-id=\"f0c03b1\" data-element_type=\"widget\" data-e-type=\"widget\" data-widget_type=\"image.default\">\n\t\t\t\t<div class=\"elementor-widget-container\">\n\t\t\t\t\t\t\t\t\t\t\t\t\t\t\t<img loading=\"lazy\" decoding=\"async\" width=\"683\" height=\"1024\" src=\"https:\/\/i0.wp.com\/valenmusic.com\/wp-content\/uploads\/IMG_6461m.jpg?fit=683%2C1024&amp;ssl=1\" class=\"attachment-large size-large wp-image-667\" alt=\"\" srcset=\"https:\/\/i0.wp.com\/valenmusic.com\/wp-content\/uploads\/IMG_6461m.jpg?w=1280&amp;ssl=1 1280w, https:\/\/i0.wp.com\/valenmusic.com\/wp-content\/uploads\/IMG_6461m.jpg?resize=200%2C300&amp;ssl=1 200w, https:\/\/i0.wp.com\/valenmusic.com\/wp-content\/uploads\/IMG_6461m.jpg?resize=683%2C1024&amp;ssl=1 683w, https:\/\/i0.wp.com\/valenmusic.com\/wp-content\/uploads\/IMG_6461m.jpg?resize=768%2C1152&amp;ssl=1 768w, https:\/\/i0.wp.com\/valenmusic.com\/wp-content\/uploads\/IMG_6461m.jpg?resize=1024%2C1536&amp;ssl=1 1024w, https:\/\/i0.wp.com\/valenmusic.com\/wp-content\/uploads\/IMG_6461m.jpg?resize=8%2C12&amp;ssl=1 8w, https:\/\/i0.wp.com\/valenmusic.com\/wp-content\/uploads\/IMG_6461m.jpg?resize=600%2C900&amp;ssl=1 600w\" sizes=\"(max-width: 683px) 100vw, 683px\" \/>\t\t\t\t\t\t\t\t\t\t\t\t\t\t\t<\/div>\n\t\t\t\t<\/div>\n\t\t\t\t\t<\/div>\n\t\t<\/div>\n\t\t\t\t<div class=\"elementor-column elementor-col-33 elementor-top-column elementor-element elementor-element-dd1b7e0\" data-id=\"dd1b7e0\" data-element_type=\"column\" data-e-type=\"column\">\n\t\t\t<div class=\"elementor-widget-wrap elementor-element-populated\">\n\t\t\t\t\t\t<div class=\"elementor-element elementor-element-cf897f3 elementor-widget elementor-widget-image\" data-id=\"cf897f3\" data-element_type=\"widget\" data-e-type=\"widget\" data-widget_type=\"image.default\">\n\t\t\t\t<div class=\"elementor-widget-container\">\n\t\t\t\t\t\t\t\t\t\t\t\t\t\t\t<img loading=\"lazy\" decoding=\"async\" width=\"688\" height=\"1024\" src=\"https:\/\/i0.wp.com\/valenmusic.com\/wp-content\/uploads\/xe.jpg?fit=688%2C1024&amp;ssl=1\" class=\"attachment-large size-large wp-image-671\" alt=\"\" srcset=\"https:\/\/i0.wp.com\/valenmusic.com\/wp-content\/uploads\/xe.jpg?w=1048&amp;ssl=1 1048w, https:\/\/i0.wp.com\/valenmusic.com\/wp-content\/uploads\/xe.jpg?resize=202%2C300&amp;ssl=1 202w, https:\/\/i0.wp.com\/valenmusic.com\/wp-content\/uploads\/xe.jpg?resize=688%2C1024&amp;ssl=1 688w, https:\/\/i0.wp.com\/valenmusic.com\/wp-content\/uploads\/xe.jpg?resize=768%2C1142&amp;ssl=1 768w, https:\/\/i0.wp.com\/valenmusic.com\/wp-content\/uploads\/xe.jpg?resize=1033%2C1536&amp;ssl=1 1033w, https:\/\/i0.wp.com\/valenmusic.com\/wp-content\/uploads\/xe.jpg?resize=8%2C12&amp;ssl=1 8w, https:\/\/i0.wp.com\/valenmusic.com\/wp-content\/uploads\/xe.jpg?resize=600%2C893&amp;ssl=1 600w\" sizes=\"(max-width: 688px) 100vw, 688px\" \/>\t\t\t\t\t\t\t\t\t\t\t\t\t\t\t<\/div>\n\t\t\t\t<\/div>\n\t\t\t\t\t<\/div>\n\t\t<\/div>\n\t\t\t\t\t<\/div>\n\t\t<\/section>\n\t\t\t\t<section class=\"elementor-section elementor-top-section elementor-element elementor-element-9f5f30f elementor-section-boxed elementor-section-height-default elementor-section-height-default\" data-id=\"9f5f30f\" data-element_type=\"section\" data-e-type=\"section\">\n\t\t\t\t\t\t<div class=\"elementor-container elementor-column-gap-default\">\n\t\t\t\t\t<div class=\"elementor-column elementor-col-100 elementor-top-column elementor-element elementor-element-cdd11b3\" data-id=\"cdd11b3\" data-element_type=\"column\" data-e-type=\"column\">\n\t\t\t<div class=\"elementor-widget-wrap elementor-element-populated\">\n\t\t\t\t\t\t<div class=\"elementor-element elementor-element-f487294 elementor-widget elementor-widget-video\" data-id=\"f487294\" data-element_type=\"widget\" data-e-type=\"widget\" data-settings=\"{&quot;youtube_url&quot;:&quot;https:\\\/\\\/www.youtube.com\\\/watch?v=vlvC6u9VytE&quot;,&quot;video_type&quot;:&quot;youtube&quot;,&quot;controls&quot;:&quot;yes&quot;}\" data-widget_type=\"video.default\">\n\t\t\t\t<div class=\"elementor-widget-container\">\n\t\t\t\t\t\t\t<div class=\"elementor-wrapper elementor-open-inline\">\n\t\t\t<div class=\"elementor-video\"><\/div>\t\t<\/div>\n\t\t\t\t\t\t<\/div>\n\t\t\t\t<\/div>\n\t\t\t\t\t<\/div>\n\t\t<\/div>\n\t\t\t\t\t<\/div>\n\t\t<\/section>\n\t\t\t\t<section class=\"elementor-section elementor-top-section elementor-element elementor-element-b8c31c0 elementor-section-boxed elementor-section-height-default elementor-section-height-default\" data-id=\"b8c31c0\" data-element_type=\"section\" data-e-type=\"section\">\n\t\t\t\t\t\t<div class=\"elementor-container elementor-column-gap-default\">\n\t\t\t\t\t<div class=\"elementor-column elementor-col-100 elementor-top-column elementor-element elementor-element-2fbd563\" data-id=\"2fbd563\" data-element_type=\"column\" data-e-type=\"column\">\n\t\t\t<div class=\"elementor-widget-wrap elementor-element-populated\">\n\t\t\t\t\t\t<div class=\"elementor-element elementor-element-b7618ad elementor-widget elementor-widget-heading\" data-id=\"b7618ad\" data-element_type=\"widget\" data-e-type=\"widget\" data-widget_type=\"heading.default\">\n\t\t\t\t<div class=\"elementor-widget-container\">\n\t\t\t\t\t<h2 class=\"elementor-heading-title elementor-size-default\">SOCIAL MEDIA<\/h2>\t\t\t\t<\/div>\n\t\t\t\t<\/div>\n\t\t\t\t\t<\/div>\n\t\t<\/div>\n\t\t\t\t\t<\/div>\n\t\t<\/section>\n\t\t\t\t<section class=\"elementor-section elementor-top-section elementor-element elementor-element-c57091f elementor-section-boxed elementor-section-height-default elementor-section-height-default\" data-id=\"c57091f\" data-element_type=\"section\" data-e-type=\"section\">\n\t\t\t\t\t\t<div class=\"elementor-container elementor-column-gap-default\">\n\t\t\t\t\t<div class=\"elementor-column elementor-col-100 elementor-top-column elementor-element elementor-element-686f7ea\" data-id=\"686f7ea\" data-element_type=\"column\" data-e-type=\"column\">\n\t\t\t<div class=\"elementor-widget-wrap elementor-element-populated\">\n\t\t\t\t\t\t<div class=\"elementor-element elementor-element-5eea0be elementor-shape-rounded elementor-grid-0 e-grid-align-center elementor-widget elementor-widget-social-icons\" data-id=\"5eea0be\" data-element_type=\"widget\" data-e-type=\"widget\" data-widget_type=\"social-icons.default\">\n\t\t\t\t<div class=\"elementor-widget-container\">\n\t\t\t\t\t\t\t<div class=\"elementor-social-icons-wrapper elementor-grid\" role=\"list\">\n\t\t\t\t\t\t\t<span class=\"elementor-grid-item\" role=\"listitem\">\n\t\t\t\t\t<a class=\"elementor-icon elementor-social-icon elementor-social-icon-youtube elementor-repeater-item-dd3b574\" href=\"https:\/\/www.youtube.com\/@valenguitarmusic\" target=\"_blank\">\n\t\t\t\t\t\t<span class=\"elementor-screen-only\">Youtube<\/span>\n\t\t\t\t\t\t<i aria-hidden=\"true\" class=\"fab fa-youtube\"><\/i>\t\t\t\t\t<\/a>\n\t\t\t\t<\/span>\n\t\t\t\t\t\t\t<span class=\"elementor-grid-item\" role=\"listitem\">\n\t\t\t\t\t<a class=\"elementor-icon elementor-social-icon elementor-social-icon-instagram elementor-repeater-item-2cacdc5\" href=\"https:\/\/www.instagram.com\/valen.guitar\/\" target=\"_blank\">\n\t\t\t\t\t\t<span class=\"elementor-screen-only\">Instagram<\/span>\n\t\t\t\t\t\t<i aria-hidden=\"true\" class=\"fab fa-instagram\"><\/i>\t\t\t\t\t<\/a>\n\t\t\t\t<\/span>\n\t\t\t\t\t<\/div>\n\t\t\t\t\t\t<\/div>\n\t\t\t\t<\/div>\n\t\t\t\t\t<\/div>\n\t\t<\/div>\n\t\t\t\t\t<\/div>\n\t\t<\/section>\n\t\t\t\t<\/div>","protected":false},"excerpt":{"rendered":"<p>VALEN GUITAR A master guitarist and graduate with honors from the Valencia Music Institute in Venezuela, Valen studied under Franco Nasic and was a disciple of guitarist and producer Rudy Pagliuca (guitarist for Malanga). For seven years, he was known as Baruck, serving as guitarist, co-producer, and composer of the album &#8220;Hasta adentro de tu&hellip;&nbsp;<a href=\"https:\/\/valenmusic.com\/es\/valen-guitar-2\/\" rel=\"bookmark\">Leer m\u00e1s &raquo;<span class=\"screen-reader-text\">Valen Guitar<\/span><\/a><\/p>","protected":false},"author":1,"featured_media":0,"parent":0,"menu_order":0,"comment_status":"closed","ping_status":"closed","template":"page-templates\/template-pagebuilder-full-width.php","meta":{"neve_meta_sidebar":"","neve_meta_container":"","neve_meta_enable_content_width":"","neve_meta_content_width":0,"neve_meta_title_alignment":"","neve_meta_author_avatar":"","neve_post_elements_order":"","neve_meta_disable_header":"","neve_meta_disable_footer":"","neve_meta_disable_title":"","_themeisle_gutenberg_block_has_review":false,"footnotes":""},"class_list":["post-648","page","type-page","status-publish","hentry"],"jetpack_sharing_enabled":true,"_links":{"self":[{"href":"https:\/\/valenmusic.com\/es\/wp-json\/wp\/v2\/pages\/648","targetHints":{"allow":["GET"]}}],"collection":[{"href":"https:\/\/valenmusic.com\/es\/wp-json\/wp\/v2\/pages"}],"about":[{"href":"https:\/\/valenmusic.com\/es\/wp-json\/wp\/v2\/types\/page"}],"author":[{"embeddable":true,"href":"https:\/\/valenmusic.com\/es\/wp-json\/wp\/v2\/users\/1"}],"replies":[{"embeddable":true,"href":"https:\/\/valenmusic.com\/es\/wp-json\/wp\/v2\/comments?post=648"}],"version-history":[{"count":7,"href":"https:\/\/valenmusic.com\/es\/wp-json\/wp\/v2\/pages\/648\/revisions"}],"predecessor-version":[{"id":740,"href":"https:\/\/valenmusic.com\/es\/wp-json\/wp\/v2\/pages\/648\/revisions\/740"}],"wp:attachment":[{"href":"https:\/\/valenmusic.com\/es\/wp-json\/wp\/v2\/media?parent=648"}],"curies":[{"name":"wp","href":"https:\/\/api.w.org\/{rel}","templated":true}]}}