{"id":650,"date":"2025-03-30T01:30:39","date_gmt":"2025-03-30T01:30:39","guid":{"rendered":"https:\/\/valenmusic.com\/?page_id=650"},"modified":"2026-03-24T17:30:16","modified_gmt":"2026-03-24T17:30:16","slug":"dj-valen","status":"publish","type":"page","link":"https:\/\/valenmusic.com\/es\/dj-valen\/","title":{"rendered":"DJ Valen"},"content":{"rendered":"<div data-elementor-type=\"wp-page\" data-elementor-id=\"650\" class=\"elementor elementor-650\">\n\t\t\t\t\t\t<section class=\"elementor-section elementor-top-section elementor-element elementor-element-cec5cae elementor-section-boxed elementor-section-height-default elementor-section-height-default\" data-id=\"cec5cae\" data-element_type=\"section\" data-e-type=\"section\">\n\t\t\t\t\t\t<div class=\"elementor-container elementor-column-gap-default\">\n\t\t\t\t\t<div class=\"elementor-column elementor-col-100 elementor-top-column elementor-element elementor-element-45ee2c9\" data-id=\"45ee2c9\" data-element_type=\"column\" data-e-type=\"column\">\n\t\t\t<div class=\"elementor-widget-wrap elementor-element-populated\">\n\t\t\t\t\t\t<div class=\"elementor-element elementor-element-17240d3 elementor-widget elementor-widget-image\" data-id=\"17240d3\" data-element_type=\"widget\" data-e-type=\"widget\" data-widget_type=\"image.default\">\n\t\t\t\t<div class=\"elementor-widget-container\">\n\t\t\t\t\t\t\t\t\t\t\t\t\t\t\t<img fetchpriority=\"high\" decoding=\"async\" width=\"300\" height=\"300\" src=\"https:\/\/i0.wp.com\/valenmusic.com\/wp-content\/uploads\/DJ-Valen-Logo-jpg.jpg?resize=300%2C300&amp;ssl=1\" class=\"attachment-shop_catalog size-shop_catalog wp-image-690\" alt=\"\" srcset=\"https:\/\/i0.wp.com\/valenmusic.com\/wp-content\/uploads\/DJ-Valen-Logo-jpg.jpg?resize=150%2C150&amp;ssl=1 150w, https:\/\/i0.wp.com\/valenmusic.com\/wp-content\/uploads\/DJ-Valen-Logo-jpg.jpg?resize=13%2C12&amp;ssl=1 13w, https:\/\/i0.wp.com\/valenmusic.com\/wp-content\/uploads\/DJ-Valen-Logo-jpg.jpg?resize=640%2C640&amp;ssl=1 640w, https:\/\/i0.wp.com\/valenmusic.com\/wp-content\/uploads\/DJ-Valen-Logo-jpg.jpg?resize=50%2C50&amp;ssl=1 50w, https:\/\/i0.wp.com\/valenmusic.com\/wp-content\/uploads\/DJ-Valen-Logo-jpg.jpg?resize=300%2C300&amp;ssl=1 300w, https:\/\/i0.wp.com\/valenmusic.com\/wp-content\/uploads\/DJ-Valen-Logo-jpg.jpg?resize=100%2C100&amp;ssl=1 100w, https:\/\/i0.wp.com\/valenmusic.com\/wp-content\/uploads\/DJ-Valen-Logo-jpg.jpg?zoom=3&amp;resize=300%2C300&amp;ssl=1 900w\" sizes=\"(max-width: 300px) 100vw, 300px\" \/>\t\t\t\t\t\t\t\t\t\t\t\t\t\t\t<\/div>\n\t\t\t\t<\/div>\n\t\t\t\t\t<\/div>\n\t\t<\/div>\n\t\t\t\t\t<\/div>\n\t\t<\/section>\n\t\t\t\t<section class=\"elementor-section elementor-top-section elementor-element elementor-element-a9f020f elementor-section-boxed elementor-section-height-default elementor-section-height-default\" data-id=\"a9f020f\" data-element_type=\"section\" data-e-type=\"section\">\n\t\t\t\t\t\t<div class=\"elementor-container elementor-column-gap-default\">\n\t\t\t\t\t<div class=\"elementor-column elementor-col-100 elementor-top-column elementor-element elementor-element-a929af4\" data-id=\"a929af4\" data-element_type=\"column\" data-e-type=\"column\">\n\t\t\t<div class=\"elementor-widget-wrap elementor-element-populated\">\n\t\t\t\t\t\t<div class=\"elementor-element elementor-element-61948a8 elementor-widget elementor-widget-heading\" data-id=\"61948a8\" data-element_type=\"widget\" data-e-type=\"widget\" data-widget_type=\"heading.default\">\n\t\t\t\t<div class=\"elementor-widget-container\">\n\t\t\t\t\t<h2 class=\"elementor-heading-title elementor-size-default\">DJ VALEN<\/h2>\t\t\t\t<\/div>\n\t\t\t\t<\/div>\n\t\t\t\t\t<\/div>\n\t\t<\/div>\n\t\t\t\t\t<\/div>\n\t\t<\/section>\n\t\t\t\t<section class=\"elementor-section elementor-top-section elementor-element elementor-element-b12627d elementor-section-boxed elementor-section-height-default elementor-section-height-default\" data-id=\"b12627d\" data-element_type=\"section\" data-e-type=\"section\">\n\t\t\t\t\t\t<div class=\"elementor-container elementor-column-gap-default\">\n\t\t\t\t\t<div class=\"elementor-column elementor-col-50 elementor-top-column elementor-element elementor-element-e62d9e1\" data-id=\"e62d9e1\" data-element_type=\"column\" data-e-type=\"column\">\n\t\t\t<div class=\"elementor-widget-wrap elementor-element-populated\">\n\t\t\t\t\t\t<div class=\"elementor-element elementor-element-9d5ec05 elementor-widget elementor-widget-text-editor\" data-id=\"9d5ec05\" data-element_type=\"widget\" data-e-type=\"widget\" data-widget_type=\"text-editor.default\">\n\t\t\t\t<div class=\"elementor-widget-container\">\n\t\t\t\t\t\t\t\t\t<p>Su carrera como DJ comienza en Irlanda, donde vivi\u00f3 durante 7 a\u00f1os, siendo uno de los principales DJs\u00a0 del ambiente nocturno de Dublin presentandose en clubs como\"The Wright Venue\"\u00a0 club M , The River bar, Alchemy (Dubl\u00edn), Masons, Tequila jacks, The secret garden (Cork), H&amp;B club (Waterford) entre otros, adem\u00e1s de participar en varios festivales de m\u00fasica electr\u00f3nica del pa\u00eds.<\/p><p>Al mudarse a\u00a0 Espa\u00f1a en 2019 comenzo a presentarse en los hoteles mas prestigiosos de la ciudad de Malaga como Hotel Higueron donde a sido Dj residente durante 3 a\u00f1os, Amar\u00e9, Riwo, Pez Espada, Atalaya park, Marriott estepona , Coral Beach marbella,\u00a0 Y la cadena hotelera Sol de la costa andaluza, asi como tambien en los mejores clubs nocturnos como Kaleido Benalmadena, Area 51, entre otros.<\/p>\t\t\t\t\t\t\t\t<\/div>\n\t\t\t\t<\/div>\n\t\t\t\t\t<\/div>\n\t\t<\/div>\n\t\t\t\t<div class=\"elementor-column elementor-col-50 elementor-top-column elementor-element elementor-element-56d3e60\" data-id=\"56d3e60\" data-element_type=\"column\" data-e-type=\"column\">\n\t\t\t<div class=\"elementor-widget-wrap elementor-element-populated\">\n\t\t\t\t\t\t<div class=\"elementor-element elementor-element-42a93fe elementor-widget elementor-widget-image\" data-id=\"42a93fe\" data-element_type=\"widget\" data-e-type=\"widget\" data-widget_type=\"image.default\">\n\t\t\t\t<div class=\"elementor-widget-container\">\n\t\t\t\t\t\t\t\t\t\t\t\t\t\t\t<img decoding=\"async\" width=\"639\" height=\"762\" src=\"https:\/\/i0.wp.com\/valenmusic.com\/wp-content\/uploads\/clean-flyeaar-copia.jpg?fit=639%2C762&amp;ssl=1\" class=\"attachment-large size-large wp-image-657\" alt=\"\" srcset=\"https:\/\/i0.wp.com\/valenmusic.com\/wp-content\/uploads\/clean-flyeaar-copia.jpg?w=639&amp;ssl=1 639w, https:\/\/i0.wp.com\/valenmusic.com\/wp-content\/uploads\/clean-flyeaar-copia.jpg?resize=252%2C300&amp;ssl=1 252w, https:\/\/i0.wp.com\/valenmusic.com\/wp-content\/uploads\/clean-flyeaar-copia.jpg?resize=10%2C12&amp;ssl=1 10w, https:\/\/i0.wp.com\/valenmusic.com\/wp-content\/uploads\/clean-flyeaar-copia.jpg?resize=600%2C715&amp;ssl=1 600w\" sizes=\"(max-width: 639px) 100vw, 639px\" \/>\t\t\t\t\t\t\t\t\t\t\t\t\t\t\t<\/div>\n\t\t\t\t<\/div>\n\t\t\t\t\t<\/div>\n\t\t<\/div>\n\t\t\t\t\t<\/div>\n\t\t<\/section>\n\t\t\t\t<section class=\"elementor-section elementor-top-section elementor-element elementor-element-2d49478 elementor-section-boxed elementor-section-height-default elementor-section-height-default\" data-id=\"2d49478\" data-element_type=\"section\" data-e-type=\"section\">\n\t\t\t\t\t\t<div class=\"elementor-container elementor-column-gap-default\">\n\t\t\t\t\t<div class=\"elementor-column elementor-col-33 elementor-top-column elementor-element elementor-element-783ad46\" data-id=\"783ad46\" data-element_type=\"column\" data-e-type=\"column\">\n\t\t\t<div class=\"elementor-widget-wrap elementor-element-populated\">\n\t\t\t\t\t\t<div class=\"elementor-element elementor-element-dc89807 elementor-widget elementor-widget-image\" data-id=\"dc89807\" data-element_type=\"widget\" data-e-type=\"widget\" data-widget_type=\"image.default\">\n\t\t\t\t<div class=\"elementor-widget-container\">\n\t\t\t\t\t\t\t\t\t\t\t\t\t\t\t<img decoding=\"async\" width=\"683\" height=\"1024\" src=\"https:\/\/i0.wp.com\/valenmusic.com\/wp-content\/uploads\/DJ-Higue-5.jpg?fit=683%2C1024&amp;ssl=1\" class=\"attachment-large size-large wp-image-658\" alt=\"\" srcset=\"https:\/\/i0.wp.com\/valenmusic.com\/wp-content\/uploads\/DJ-Higue-5.jpg?w=1280&amp;ssl=1 1280w, https:\/\/i0.wp.com\/valenmusic.com\/wp-content\/uploads\/DJ-Higue-5.jpg?resize=200%2C300&amp;ssl=1 200w, https:\/\/i0.wp.com\/valenmusic.com\/wp-content\/uploads\/DJ-Higue-5.jpg?resize=683%2C1024&amp;ssl=1 683w, https:\/\/i0.wp.com\/valenmusic.com\/wp-content\/uploads\/DJ-Higue-5.jpg?resize=768%2C1152&amp;ssl=1 768w, https:\/\/i0.wp.com\/valenmusic.com\/wp-content\/uploads\/DJ-Higue-5.jpg?resize=1024%2C1536&amp;ssl=1 1024w, https:\/\/i0.wp.com\/valenmusic.com\/wp-content\/uploads\/DJ-Higue-5.jpg?resize=8%2C12&amp;ssl=1 8w, https:\/\/i0.wp.com\/valenmusic.com\/wp-content\/uploads\/DJ-Higue-5.jpg?resize=600%2C900&amp;ssl=1 600w\" sizes=\"(max-width: 683px) 100vw, 683px\" \/>\t\t\t\t\t\t\t\t\t\t\t\t\t\t\t<\/div>\n\t\t\t\t<\/div>\n\t\t\t\t\t<\/div>\n\t\t<\/div>\n\t\t\t\t<div class=\"elementor-column elementor-col-33 elementor-top-column elementor-element elementor-element-a33ffbe\" data-id=\"a33ffbe\" data-element_type=\"column\" data-e-type=\"column\">\n\t\t\t<div class=\"elementor-widget-wrap elementor-element-populated\">\n\t\t\t\t\t\t<div class=\"elementor-element elementor-element-3a6a99f elementor-widget elementor-widget-image\" data-id=\"3a6a99f\" data-element_type=\"widget\" data-e-type=\"widget\" data-widget_type=\"image.default\">\n\t\t\t\t<div class=\"elementor-widget-container\">\n\t\t\t\t\t\t\t\t\t\t\t\t\t\t\t<img loading=\"lazy\" decoding=\"async\" width=\"662\" height=\"1024\" src=\"https:\/\/i0.wp.com\/valenmusic.com\/wp-content\/uploads\/kkkjh.jpg?fit=662%2C1024&amp;ssl=1\" class=\"attachment-large size-large wp-image-660\" alt=\"\" srcset=\"https:\/\/i0.wp.com\/valenmusic.com\/wp-content\/uploads\/kkkjh.jpg?w=1078&amp;ssl=1 1078w, https:\/\/i0.wp.com\/valenmusic.com\/wp-content\/uploads\/kkkjh.jpg?resize=194%2C300&amp;ssl=1 194w, https:\/\/i0.wp.com\/valenmusic.com\/wp-content\/uploads\/kkkjh.jpg?resize=662%2C1024&amp;ssl=1 662w, https:\/\/i0.wp.com\/valenmusic.com\/wp-content\/uploads\/kkkjh.jpg?resize=768%2C1188&amp;ssl=1 768w, https:\/\/i0.wp.com\/valenmusic.com\/wp-content\/uploads\/kkkjh.jpg?resize=993%2C1536&amp;ssl=1 993w, https:\/\/i0.wp.com\/valenmusic.com\/wp-content\/uploads\/kkkjh.jpg?resize=8%2C12&amp;ssl=1 8w, https:\/\/i0.wp.com\/valenmusic.com\/wp-content\/uploads\/kkkjh.jpg?resize=600%2C928&amp;ssl=1 600w\" sizes=\"(max-width: 662px) 100vw, 662px\" \/>\t\t\t\t\t\t\t\t\t\t\t\t\t\t\t<\/div>\n\t\t\t\t<\/div>\n\t\t\t\t\t<\/div>\n\t\t<\/div>\n\t\t\t\t<div class=\"elementor-column elementor-col-33 elementor-top-column elementor-element elementor-element-42f40b3\" data-id=\"42f40b3\" data-element_type=\"column\" data-e-type=\"column\">\n\t\t\t<div class=\"elementor-widget-wrap elementor-element-populated\">\n\t\t\t\t\t\t<div class=\"elementor-element elementor-element-04e316e elementor-widget elementor-widget-image\" data-id=\"04e316e\" data-element_type=\"widget\" data-e-type=\"widget\" data-widget_type=\"image.default\">\n\t\t\t\t<div class=\"elementor-widget-container\">\n\t\t\t\t\t\t\t\t\t\t\t\t\t\t\t<img loading=\"lazy\" decoding=\"async\" width=\"683\" height=\"1024\" src=\"https:\/\/i0.wp.com\/valenmusic.com\/wp-content\/uploads\/dj-higue-1.jpg?fit=683%2C1024&amp;ssl=1\" class=\"attachment-large size-large wp-image-663\" alt=\"\" srcset=\"https:\/\/i0.wp.com\/valenmusic.com\/wp-content\/uploads\/dj-higue-1.jpg?w=1280&amp;ssl=1 1280w, https:\/\/i0.wp.com\/valenmusic.com\/wp-content\/uploads\/dj-higue-1.jpg?resize=200%2C300&amp;ssl=1 200w, https:\/\/i0.wp.com\/valenmusic.com\/wp-content\/uploads\/dj-higue-1.jpg?resize=683%2C1024&amp;ssl=1 683w, https:\/\/i0.wp.com\/valenmusic.com\/wp-content\/uploads\/dj-higue-1.jpg?resize=768%2C1152&amp;ssl=1 768w, https:\/\/i0.wp.com\/valenmusic.com\/wp-content\/uploads\/dj-higue-1.jpg?resize=1024%2C1536&amp;ssl=1 1024w, https:\/\/i0.wp.com\/valenmusic.com\/wp-content\/uploads\/dj-higue-1.jpg?resize=8%2C12&amp;ssl=1 8w, https:\/\/i0.wp.com\/valenmusic.com\/wp-content\/uploads\/dj-higue-1.jpg?resize=600%2C900&amp;ssl=1 600w\" sizes=\"(max-width: 683px) 100vw, 683px\" \/>\t\t\t\t\t\t\t\t\t\t\t\t\t\t\t<\/div>\n\t\t\t\t<\/div>\n\t\t\t\t\t<\/div>\n\t\t<\/div>\n\t\t\t\t\t<\/div>\n\t\t<\/section>\n\t\t\t\t<section class=\"elementor-section elementor-top-section elementor-element elementor-element-728de72 elementor-section-boxed elementor-section-height-default elementor-section-height-default\" data-id=\"728de72\" data-element_type=\"section\" data-e-type=\"section\">\n\t\t\t\t\t\t<div class=\"elementor-container elementor-column-gap-default\">\n\t\t\t\t\t<div class=\"elementor-column elementor-col-100 elementor-top-column elementor-element elementor-element-b7d786c\" data-id=\"b7d786c\" data-element_type=\"column\" data-e-type=\"column\">\n\t\t\t<div class=\"elementor-widget-wrap elementor-element-populated\">\n\t\t\t\t\t\t<div class=\"elementor-element elementor-element-0a25fa6 elementor-widget elementor-widget-video\" data-id=\"0a25fa6\" data-element_type=\"widget\" data-e-type=\"widget\" data-settings=\"{&quot;youtube_url&quot;:&quot;https:\\\/\\\/www.youtube.com\\\/watch?v=Cie1o3eTkOg&amp;t=27s&quot;,&quot;video_type&quot;:&quot;youtube&quot;,&quot;controls&quot;:&quot;yes&quot;}\" data-widget_type=\"video.default\">\n\t\t\t\t<div class=\"elementor-widget-container\">\n\t\t\t\t\t\t\t<div class=\"elementor-wrapper elementor-open-inline\">\n\t\t\t<div class=\"elementor-video\"><\/div>\t\t<\/div>\n\t\t\t\t\t\t<\/div>\n\t\t\t\t<\/div>\n\t\t\t\t\t<\/div>\n\t\t<\/div>\n\t\t\t\t\t<\/div>\n\t\t<\/section>\n\t\t\t\t<section class=\"elementor-section elementor-top-section elementor-element elementor-element-c0ef833 elementor-section-boxed elementor-section-height-default elementor-section-height-default\" data-id=\"c0ef833\" data-element_type=\"section\" data-e-type=\"section\">\n\t\t\t\t\t\t<div class=\"elementor-container elementor-column-gap-default\">\n\t\t\t\t\t<div class=\"elementor-column elementor-col-100 elementor-top-column elementor-element elementor-element-54c4fa1\" data-id=\"54c4fa1\" data-element_type=\"column\" data-e-type=\"column\">\n\t\t\t<div class=\"elementor-widget-wrap elementor-element-populated\">\n\t\t\t\t\t\t<div class=\"elementor-element elementor-element-7646b40 elementor-widget elementor-widget-heading\" data-id=\"7646b40\" data-element_type=\"widget\" data-e-type=\"widget\" data-widget_type=\"heading.default\">\n\t\t\t\t<div class=\"elementor-widget-container\">\n\t\t\t\t\t<h2 class=\"elementor-heading-title elementor-size-default\">SOCIAL MEDIA<\/h2>\t\t\t\t<\/div>\n\t\t\t\t<\/div>\n\t\t\t\t\t<\/div>\n\t\t<\/div>\n\t\t\t\t\t<\/div>\n\t\t<\/section>\n\t\t\t\t<section class=\"elementor-section elementor-top-section elementor-element elementor-element-dad53b1 elementor-section-boxed elementor-section-height-default elementor-section-height-default\" data-id=\"dad53b1\" data-element_type=\"section\" data-e-type=\"section\">\n\t\t\t\t\t\t<div class=\"elementor-container elementor-column-gap-default\">\n\t\t\t\t\t<div class=\"elementor-column elementor-col-100 elementor-top-column elementor-element elementor-element-72b4276\" data-id=\"72b4276\" data-element_type=\"column\" data-e-type=\"column\">\n\t\t\t<div class=\"elementor-widget-wrap elementor-element-populated\">\n\t\t\t\t\t\t<div class=\"elementor-element elementor-element-55301bf elementor-shape-rounded elementor-grid-0 e-grid-align-center elementor-widget elementor-widget-social-icons\" data-id=\"55301bf\" data-element_type=\"widget\" data-e-type=\"widget\" data-widget_type=\"social-icons.default\">\n\t\t\t\t<div class=\"elementor-widget-container\">\n\t\t\t\t\t\t\t<div class=\"elementor-social-icons-wrapper elementor-grid\" role=\"list\">\n\t\t\t\t\t\t\t<span class=\"elementor-grid-item\" role=\"listitem\">\n\t\t\t\t\t<a class=\"elementor-icon elementor-social-icon elementor-social-icon-youtube elementor-repeater-item-bca627b\" href=\"https:\/\/www.youtube.com\/watch?v=Cie1o3eTkOg&#038;t=34s\" target=\"_blank\">\n\t\t\t\t\t\t<span class=\"elementor-screen-only\">Youtube<\/span>\n\t\t\t\t\t\t<i aria-hidden=\"true\" class=\"fab fa-youtube\"><\/i>\t\t\t\t\t<\/a>\n\t\t\t\t<\/span>\n\t\t\t\t\t\t\t<span class=\"elementor-grid-item\" role=\"listitem\">\n\t\t\t\t\t<a class=\"elementor-icon elementor-social-icon elementor-social-icon-instagram elementor-repeater-item-74ad1f4\" href=\"https:\/\/www.instagram.com\/dj.valen\/\" target=\"_blank\">\n\t\t\t\t\t\t<span class=\"elementor-screen-only\">Instagram<\/span>\n\t\t\t\t\t\t<i aria-hidden=\"true\" class=\"fab fa-instagram\"><\/i>\t\t\t\t\t<\/a>\n\t\t\t\t<\/span>\n\t\t\t\t\t<\/div>\n\t\t\t\t\t\t<\/div>\n\t\t\t\t<\/div>\n\t\t\t\t<div class=\"elementor-element elementor-element-c666679 elementor-widget elementor-widget-heading\" data-id=\"c666679\" data-element_type=\"widget\" data-e-type=\"widget\" data-widget_type=\"heading.default\">\n\t\t\t\t<div class=\"elementor-widget-container\">\n\t\t\t\t\t<h2 class=\"elementor-heading-title elementor-size-default\">Add Your Heading Text Here<\/h2>\t\t\t\t<\/div>\n\t\t\t\t<\/div>\n\t\t\t\t\t<\/div>\n\t\t<\/div>\n\t\t\t\t\t<\/div>\n\t\t<\/section>\n\t\t\t\t<\/div>","protected":false},"excerpt":{"rendered":"<p>DJ VALEN His DJ career began in Ireland, where he lived for seven years, becoming one of Dublin&#8217;s leading DJs in the nightlife scene. He performed at clubs such as The Wright Venue, Club M, The River Bar, Alchemy (Dublin), Masons, Tequila Jacks, The Secret Garden (Cork), and H&amp;B Club (Waterford), among others, as well&hellip;&nbsp;<a href=\"https:\/\/valenmusic.com\/es\/dj-valen\/\" rel=\"bookmark\">Leer m\u00e1s &raquo;<span class=\"screen-reader-text\">DJ Valen<\/span><\/a><\/p>","protected":false},"author":1,"featured_media":0,"parent":0,"menu_order":0,"comment_status":"closed","ping_status":"closed","template":"page-templates\/template-pagebuilder-full-width.php","meta":{"neve_meta_sidebar":"","neve_meta_container":"","neve_meta_enable_content_width":"","neve_meta_content_width":0,"neve_meta_title_alignment":"","neve_meta_author_avatar":"","neve_post_elements_order":"","neve_meta_disable_header":"","neve_meta_disable_footer":"","neve_meta_disable_title":"","_themeisle_gutenberg_block_has_review":false,"footnotes":""},"class_list":["post-650","page","type-page","status-publish","hentry"],"jetpack_sharing_enabled":true,"_links":{"self":[{"href":"https:\/\/valenmusic.com\/es\/wp-json\/wp\/v2\/pages\/650","targetHints":{"allow":["GET"]}}],"collection":[{"href":"https:\/\/valenmusic.com\/es\/wp-json\/wp\/v2\/pages"}],"about":[{"href":"https:\/\/valenmusic.com\/es\/wp-json\/wp\/v2\/types\/page"}],"author":[{"embeddable":true,"href":"https:\/\/valenmusic.com\/es\/wp-json\/wp\/v2\/users\/1"}],"replies":[{"embeddable":true,"href":"https:\/\/valenmusic.com\/es\/wp-json\/wp\/v2\/comments?post=650"}],"version-history":[{"count":10,"href":"https:\/\/valenmusic.com\/es\/wp-json\/wp\/v2\/pages\/650\/revisions"}],"predecessor-version":[{"id":743,"href":"https:\/\/valenmusic.com\/es\/wp-json\/wp\/v2\/pages\/650\/revisions\/743"}],"wp:attachment":[{"href":"https:\/\/valenmusic.com\/es\/wp-json\/wp\/v2\/media?parent=650"}],"curies":[{"name":"wp","href":"https:\/\/api.w.org\/{rel}","templated":true}]}}