{"id":9,"date":"2019-06-06T15:48:54","date_gmt":"2019-06-06T15:48:54","guid":{"rendered":"http:\/\/valenmusic.com\/?page_id=9"},"modified":"2026-03-24T16:50:51","modified_gmt":"2026-03-24T16:50:51","slug":"videos","status":"publish","type":"page","link":"https:\/\/valenmusic.com\/es\/videos\/","title":{"rendered":"VIDEOS"},"content":{"rendered":"<div data-elementor-type=\"wp-post\" data-elementor-id=\"9\" class=\"elementor elementor-9\">\n\t\t\t\t\t\t<section class=\"elementor-section elementor-top-section elementor-element elementor-element-31de038 elementor-section-boxed elementor-section-height-default elementor-section-height-default\" data-id=\"31de038\" data-element_type=\"section\" data-e-type=\"section\">\n\t\t\t\t\t\t<div class=\"elementor-container elementor-column-gap-default\">\n\t\t\t\t\t<div class=\"elementor-column elementor-col-100 elementor-top-column elementor-element elementor-element-379cd52\" data-id=\"379cd52\" data-element_type=\"column\" data-e-type=\"column\">\n\t\t\t<div class=\"elementor-widget-wrap elementor-element-populated\">\n\t\t\t\t\t\t<div class=\"elementor-element elementor-element-81ec5b0 elementor-widget elementor-widget-image\" data-id=\"81ec5b0\" data-element_type=\"widget\" data-e-type=\"widget\" data-widget_type=\"image.default\">\n\t\t\t\t<div class=\"elementor-widget-container\">\n\t\t\t\t\t\t\t\t\t\t\t\t\t\t\t<img fetchpriority=\"high\" decoding=\"async\" width=\"300\" height=\"300\" src=\"https:\/\/i0.wp.com\/valenmusic.com\/wp-content\/uploads\/V-A-alien-logo-black-M.jpg?resize=300%2C300&amp;ssl=1\" class=\"attachment-shop_catalog size-shop_catalog wp-image-679\" alt=\"\" srcset=\"https:\/\/i0.wp.com\/valenmusic.com\/wp-content\/uploads\/V-A-alien-logo-black-M.jpg?resize=150%2C150&amp;ssl=1 150w, https:\/\/i0.wp.com\/valenmusic.com\/wp-content\/uploads\/V-A-alien-logo-black-M.jpg?resize=11%2C12&amp;ssl=1 11w, https:\/\/i0.wp.com\/valenmusic.com\/wp-content\/uploads\/V-A-alien-logo-black-M.jpg?resize=640%2C640&amp;ssl=1 640w, https:\/\/i0.wp.com\/valenmusic.com\/wp-content\/uploads\/V-A-alien-logo-black-M.jpg?resize=50%2C50&amp;ssl=1 50w, https:\/\/i0.wp.com\/valenmusic.com\/wp-content\/uploads\/V-A-alien-logo-black-M.jpg?resize=300%2C300&amp;ssl=1 300w, https:\/\/i0.wp.com\/valenmusic.com\/wp-content\/uploads\/V-A-alien-logo-black-M.jpg?resize=100%2C100&amp;ssl=1 100w, https:\/\/i0.wp.com\/valenmusic.com\/wp-content\/uploads\/V-A-alien-logo-black-M.jpg?zoom=3&amp;resize=300%2C300&amp;ssl=1 900w\" sizes=\"(max-width: 300px) 100vw, 300px\" \/>\t\t\t\t\t\t\t\t\t\t\t\t\t\t\t<\/div>\n\t\t\t\t<\/div>\n\t\t\t\t\t<\/div>\n\t\t<\/div>\n\t\t\t\t\t<\/div>\n\t\t<\/section>\n\t\t\t\t<section class=\"elementor-section elementor-top-section elementor-element elementor-element-2193161 elementor-section-boxed elementor-section-height-default elementor-section-height-default\" data-id=\"2193161\" data-element_type=\"section\" data-e-type=\"section\">\n\t\t\t\t\t\t<div class=\"elementor-container elementor-column-gap-default\">\n\t\t\t\t\t<div class=\"elementor-column elementor-col-100 elementor-top-column elementor-element elementor-element-29e84d0\" data-id=\"29e84d0\" data-element_type=\"column\" data-e-type=\"column\">\n\t\t\t<div class=\"elementor-widget-wrap elementor-element-populated\">\n\t\t\t\t\t\t<div class=\"elementor-element elementor-element-8e732b0 elementor-widget elementor-widget-heading\" data-id=\"8e732b0\" data-element_type=\"widget\" data-e-type=\"widget\" data-widget_type=\"heading.default\">\n\t\t\t\t<div class=\"elementor-widget-container\">\n\t\t\t\t\t<h2 class=\"elementor-heading-title elementor-size-default\">VALEN<\/h2>\t\t\t\t<\/div>\n\t\t\t\t<\/div>\n\t\t\t\t\t<\/div>\n\t\t<\/div>\n\t\t\t\t\t<\/div>\n\t\t<\/section>\n\t\t\t\t<section class=\"elementor-section elementor-top-section elementor-element elementor-element-dfde0d9 elementor-section-boxed elementor-section-height-default elementor-section-height-default\" data-id=\"dfde0d9\" data-element_type=\"section\" data-e-type=\"section\">\n\t\t\t\t\t\t<div class=\"elementor-container elementor-column-gap-default\">\n\t\t\t\t\t<div class=\"elementor-column elementor-col-33 elementor-top-column elementor-element elementor-element-8f5d141\" data-id=\"8f5d141\" data-element_type=\"column\" data-e-type=\"column\">\n\t\t\t<div class=\"elementor-widget-wrap elementor-element-populated\">\n\t\t\t\t\t\t<div class=\"elementor-element elementor-element-8d252ed elementor-widget elementor-widget-text-editor\" data-id=\"8d252ed\" data-element_type=\"widget\" data-e-type=\"widget\" data-widget_type=\"text-editor.default\">\n\t\t\t\t<div class=\"elementor-widget-container\">\n\t\t\t\t\t\t\t\t\t<p>Su pasi\u00f3n por la bachata nace en Dublin visitando clubes nocturnos de musica latina en donde aprender\u00eda a bailar y disfrutar de este genero musical cargado de guitarras, melod\u00edas y poes\u00eda, esto lo inspirar\u00eda para seguir este camino el cual lo llevar\u00eda a comenzar un proyecto de mas de 5 a\u00f1os de preparaci\u00f3n y elaboraci\u00f3n el cual resultar\u00eda en un Disco titulado. Valen con 11 canciones de su autoria y siendo \u00a8Mi primera vez\u00a8 nombre del primer tema promocional que lanzar\u00eda en 2024.<\/p><p>Su nuevo proyecto Musical cuenta con temas compuestos, producidos, grabados , mezclados y masterizados por su propia mano en estilos diversos de Bachata, Urbano, Mambo Merengue y Baladas, y rumba con un toque flamenco genero que lo a cautivado desde temprana edad.<\/p><p>Galardonado con el Premio Latino 2025 por su cancion \u00a8Quedate\u00a8 por mejor uso de la melod\u00eda en producci\u00f3n musical, Valen promete cautivar y enamorar a su publico con un estilo de bachata original, presentando no solo su dulce voz sino su maravilloso sonido con la guitarra.<\/p><p style=\"text-align: center;\"><span style=\"color: #ffffff;\">\u00a0<\/span><\/p>\t\t\t\t\t\t\t\t<\/div>\n\t\t\t\t<\/div>\n\t\t\t\t\t<\/div>\n\t\t<\/div>\n\t\t\t\t<div class=\"elementor-column elementor-col-66 elementor-top-column elementor-element elementor-element-6fd8dc7\" data-id=\"6fd8dc7\" data-element_type=\"column\" data-e-type=\"column\">\n\t\t\t<div class=\"elementor-widget-wrap elementor-element-populated\">\n\t\t\t\t\t\t<div class=\"elementor-element elementor-element-2c2261b elementor-widget elementor-widget-image\" data-id=\"2c2261b\" data-element_type=\"widget\" data-e-type=\"widget\" data-widget_type=\"image.default\">\n\t\t\t\t<div class=\"elementor-widget-container\">\n\t\t\t\t\t\t\t\t\t\t\t\t\t\t\t<img decoding=\"async\" width=\"1024\" height=\"1024\" src=\"https:\/\/i0.wp.com\/valenmusic.com\/wp-content\/uploads\/Tag-Valen.jpg?fit=1024%2C1024&amp;ssl=1\" class=\"attachment-large size-large wp-image-593\" alt=\"\" srcset=\"https:\/\/i0.wp.com\/valenmusic.com\/wp-content\/uploads\/Tag-Valen.jpg?w=1080&amp;ssl=1 1080w, https:\/\/i0.wp.com\/valenmusic.com\/wp-content\/uploads\/Tag-Valen.jpg?resize=300%2C300&amp;ssl=1 300w, https:\/\/i0.wp.com\/valenmusic.com\/wp-content\/uploads\/Tag-Valen.jpg?resize=1024%2C1024&amp;ssl=1 1024w, https:\/\/i0.wp.com\/valenmusic.com\/wp-content\/uploads\/Tag-Valen.jpg?resize=150%2C150&amp;ssl=1 150w, https:\/\/i0.wp.com\/valenmusic.com\/wp-content\/uploads\/Tag-Valen.jpg?resize=768%2C768&amp;ssl=1 768w, https:\/\/i0.wp.com\/valenmusic.com\/wp-content\/uploads\/Tag-Valen.jpg?resize=12%2C12&amp;ssl=1 12w, https:\/\/i0.wp.com\/valenmusic.com\/wp-content\/uploads\/Tag-Valen.jpg?resize=640%2C640&amp;ssl=1 640w, https:\/\/i0.wp.com\/valenmusic.com\/wp-content\/uploads\/Tag-Valen.jpg?resize=50%2C50&amp;ssl=1 50w, https:\/\/i0.wp.com\/valenmusic.com\/wp-content\/uploads\/Tag-Valen.jpg?resize=600%2C600&amp;ssl=1 600w, https:\/\/i0.wp.com\/valenmusic.com\/wp-content\/uploads\/Tag-Valen.jpg?resize=100%2C100&amp;ssl=1 100w\" sizes=\"(max-width: 1024px) 100vw, 1024px\" \/>\t\t\t\t\t\t\t\t\t\t\t\t\t\t\t<\/div>\n\t\t\t\t<\/div>\n\t\t\t\t\t<\/div>\n\t\t<\/div>\n\t\t\t\t\t<\/div>\n\t\t<\/section>\n\t\t\t\t<section class=\"elementor-section elementor-top-section elementor-element elementor-element-5c56bfb elementor-section-boxed elementor-section-height-default elementor-section-height-default\" data-id=\"5c56bfb\" data-element_type=\"section\" data-e-type=\"section\">\n\t\t\t\t\t\t<div class=\"elementor-container elementor-column-gap-default\">\n\t\t\t\t\t<div class=\"elementor-column elementor-col-33 elementor-top-column elementor-element elementor-element-538baa1\" data-id=\"538baa1\" data-element_type=\"column\" data-e-type=\"column\">\n\t\t\t<div class=\"elementor-widget-wrap elementor-element-populated\">\n\t\t\t\t\t\t<div class=\"elementor-element elementor-element-3248d00 elementor-widget elementor-widget-image\" data-id=\"3248d00\" data-element_type=\"widget\" data-e-type=\"widget\" data-widget_type=\"image.default\">\n\t\t\t\t<div class=\"elementor-widget-container\">\n\t\t\t\t\t\t\t\t\t\t\t\t\t\t\t<img decoding=\"async\" width=\"683\" height=\"1024\" src=\"https:\/\/i0.wp.com\/valenmusic.com\/wp-content\/uploads\/MG_7816.jpg?fit=683%2C1024&amp;ssl=1\" class=\"attachment-large size-large wp-image-595\" alt=\"\" srcset=\"https:\/\/i0.wp.com\/valenmusic.com\/wp-content\/uploads\/MG_7816.jpg?w=1280&amp;ssl=1 1280w, https:\/\/i0.wp.com\/valenmusic.com\/wp-content\/uploads\/MG_7816.jpg?resize=200%2C300&amp;ssl=1 200w, https:\/\/i0.wp.com\/valenmusic.com\/wp-content\/uploads\/MG_7816.jpg?resize=683%2C1024&amp;ssl=1 683w, https:\/\/i0.wp.com\/valenmusic.com\/wp-content\/uploads\/MG_7816.jpg?resize=768%2C1152&amp;ssl=1 768w, https:\/\/i0.wp.com\/valenmusic.com\/wp-content\/uploads\/MG_7816.jpg?resize=1024%2C1536&amp;ssl=1 1024w, https:\/\/i0.wp.com\/valenmusic.com\/wp-content\/uploads\/MG_7816.jpg?resize=8%2C12&amp;ssl=1 8w, https:\/\/i0.wp.com\/valenmusic.com\/wp-content\/uploads\/MG_7816.jpg?resize=600%2C900&amp;ssl=1 600w\" sizes=\"(max-width: 683px) 100vw, 683px\" \/>\t\t\t\t\t\t\t\t\t\t\t\t\t\t\t<\/div>\n\t\t\t\t<\/div>\n\t\t\t\t\t<\/div>\n\t\t<\/div>\n\t\t\t\t<div class=\"elementor-column elementor-col-33 elementor-top-column elementor-element elementor-element-b00848f\" data-id=\"b00848f\" data-element_type=\"column\" data-e-type=\"column\">\n\t\t\t<div class=\"elementor-widget-wrap elementor-element-populated\">\n\t\t\t\t\t\t<div class=\"elementor-element elementor-element-1f9aa42 elementor-widget elementor-widget-image\" data-id=\"1f9aa42\" data-element_type=\"widget\" data-e-type=\"widget\" data-widget_type=\"image.default\">\n\t\t\t\t<div class=\"elementor-widget-container\">\n\t\t\t\t\t\t\t\t\t\t\t\t\t\t\t<img loading=\"lazy\" decoding=\"async\" width=\"683\" height=\"1024\" src=\"https:\/\/i0.wp.com\/valenmusic.com\/wp-content\/uploads\/pic-3-scaled.jpg?fit=683%2C1024&amp;ssl=1\" class=\"attachment-large size-large wp-image-597\" alt=\"\" srcset=\"https:\/\/i0.wp.com\/valenmusic.com\/wp-content\/uploads\/pic-3-scaled.jpg?w=1707&amp;ssl=1 1707w, https:\/\/i0.wp.com\/valenmusic.com\/wp-content\/uploads\/pic-3-scaled.jpg?resize=200%2C300&amp;ssl=1 200w, https:\/\/i0.wp.com\/valenmusic.com\/wp-content\/uploads\/pic-3-scaled.jpg?resize=683%2C1024&amp;ssl=1 683w, https:\/\/i0.wp.com\/valenmusic.com\/wp-content\/uploads\/pic-3-scaled.jpg?resize=768%2C1152&amp;ssl=1 768w, https:\/\/i0.wp.com\/valenmusic.com\/wp-content\/uploads\/pic-3-scaled.jpg?resize=1024%2C1536&amp;ssl=1 1024w, https:\/\/i0.wp.com\/valenmusic.com\/wp-content\/uploads\/pic-3-scaled.jpg?resize=1365%2C2048&amp;ssl=1 1365w, https:\/\/i0.wp.com\/valenmusic.com\/wp-content\/uploads\/pic-3-scaled.jpg?resize=8%2C12&amp;ssl=1 8w, https:\/\/i0.wp.com\/valenmusic.com\/wp-content\/uploads\/pic-3-scaled.jpg?resize=600%2C900&amp;ssl=1 600w\" sizes=\"(max-width: 683px) 100vw, 683px\" \/>\t\t\t\t\t\t\t\t\t\t\t\t\t\t\t<\/div>\n\t\t\t\t<\/div>\n\t\t\t\t\t<\/div>\n\t\t<\/div>\n\t\t\t\t<div class=\"elementor-column elementor-col-33 elementor-top-column elementor-element elementor-element-1497ccb\" data-id=\"1497ccb\" data-element_type=\"column\" data-e-type=\"column\">\n\t\t\t<div class=\"elementor-widget-wrap elementor-element-populated\">\n\t\t\t\t\t\t<div class=\"elementor-element elementor-element-4550434 elementor-widget elementor-widget-image\" data-id=\"4550434\" data-element_type=\"widget\" data-e-type=\"widget\" data-widget_type=\"image.default\">\n\t\t\t\t<div class=\"elementor-widget-container\">\n\t\t\t\t\t\t\t\t\t\t\t\t\t\t\t<img loading=\"lazy\" decoding=\"async\" width=\"683\" height=\"1024\" src=\"https:\/\/i0.wp.com\/valenmusic.com\/wp-content\/uploads\/v1.jpg?fit=683%2C1024&amp;ssl=1\" class=\"attachment-large size-large wp-image-598\" alt=\"\" srcset=\"https:\/\/i0.wp.com\/valenmusic.com\/wp-content\/uploads\/v1.jpg?w=1280&amp;ssl=1 1280w, https:\/\/i0.wp.com\/valenmusic.com\/wp-content\/uploads\/v1.jpg?resize=200%2C300&amp;ssl=1 200w, https:\/\/i0.wp.com\/valenmusic.com\/wp-content\/uploads\/v1.jpg?resize=683%2C1024&amp;ssl=1 683w, https:\/\/i0.wp.com\/valenmusic.com\/wp-content\/uploads\/v1.jpg?resize=768%2C1152&amp;ssl=1 768w, https:\/\/i0.wp.com\/valenmusic.com\/wp-content\/uploads\/v1.jpg?resize=1024%2C1536&amp;ssl=1 1024w, https:\/\/i0.wp.com\/valenmusic.com\/wp-content\/uploads\/v1.jpg?resize=8%2C12&amp;ssl=1 8w, https:\/\/i0.wp.com\/valenmusic.com\/wp-content\/uploads\/v1.jpg?resize=600%2C900&amp;ssl=1 600w\" sizes=\"(max-width: 683px) 100vw, 683px\" \/>\t\t\t\t\t\t\t\t\t\t\t\t\t\t\t<\/div>\n\t\t\t\t<\/div>\n\t\t\t\t\t<\/div>\n\t\t<\/div>\n\t\t\t\t\t<\/div>\n\t\t<\/section>\n\t\t\t\t<section class=\"elementor-section elementor-top-section elementor-element elementor-element-567bbd9 elementor-section-boxed elementor-section-height-default elementor-section-height-default\" data-id=\"567bbd9\" data-element_type=\"section\" data-e-type=\"section\">\n\t\t\t\t\t\t<div class=\"elementor-container elementor-column-gap-default\">\n\t\t\t\t\t<div class=\"elementor-column elementor-col-100 elementor-top-column elementor-element elementor-element-a8c6a1f\" data-id=\"a8c6a1f\" data-element_type=\"column\" data-e-type=\"column\">\n\t\t\t<div class=\"elementor-widget-wrap elementor-element-populated\">\n\t\t\t\t\t\t<div class=\"elementor-element elementor-element-adf1b2a elementor-widget elementor-widget-video\" data-id=\"adf1b2a\" data-element_type=\"widget\" data-e-type=\"widget\" data-settings=\"{&quot;youtube_url&quot;:&quot;https:\\\/\\\/www.youtube.com\\\/watch?v=MW5qktaUtZk&quot;,&quot;video_type&quot;:&quot;youtube&quot;,&quot;controls&quot;:&quot;yes&quot;}\" data-widget_type=\"video.default\">\n\t\t\t\t<div class=\"elementor-widget-container\">\n\t\t\t\t\t\t\t<div class=\"elementor-wrapper elementor-open-inline\">\n\t\t\t<div class=\"elementor-video\"><\/div>\t\t<\/div>\n\t\t\t\t\t\t<\/div>\n\t\t\t\t<\/div>\n\t\t\t\t\t<\/div>\n\t\t<\/div>\n\t\t\t\t\t<\/div>\n\t\t<\/section>\n\t\t\t\t<section class=\"elementor-section elementor-top-section elementor-element elementor-element-ce40740 elementor-section-boxed elementor-section-height-default elementor-section-height-default\" data-id=\"ce40740\" data-element_type=\"section\" data-e-type=\"section\">\n\t\t\t\t\t\t<div class=\"elementor-container elementor-column-gap-default\">\n\t\t\t\t\t<div class=\"elementor-column elementor-col-100 elementor-top-column elementor-element elementor-element-acff36f\" data-id=\"acff36f\" data-element_type=\"column\" data-e-type=\"column\">\n\t\t\t<div class=\"elementor-widget-wrap elementor-element-populated\">\n\t\t\t\t\t\t<div class=\"elementor-element elementor-element-37afa24 elementor-widget elementor-widget-heading\" data-id=\"37afa24\" data-element_type=\"widget\" data-e-type=\"widget\" data-widget_type=\"heading.default\">\n\t\t\t\t<div class=\"elementor-widget-container\">\n\t\t\t\t\t<h2 class=\"elementor-heading-title elementor-size-default\">SOCIAL MEDIA<\/h2>\t\t\t\t<\/div>\n\t\t\t\t<\/div>\n\t\t\t\t\t<\/div>\n\t\t<\/div>\n\t\t\t\t\t<\/div>\n\t\t<\/section>\n\t\t\t\t<section class=\"elementor-section elementor-top-section elementor-element elementor-element-1790c8c elementor-section-boxed elementor-section-height-default elementor-section-height-default\" data-id=\"1790c8c\" data-element_type=\"section\" data-e-type=\"section\">\n\t\t\t\t\t\t<div class=\"elementor-container elementor-column-gap-default\">\n\t\t\t\t\t<div class=\"elementor-column elementor-col-100 elementor-top-column elementor-element elementor-element-57cd499\" data-id=\"57cd499\" data-element_type=\"column\" data-e-type=\"column\">\n\t\t\t<div class=\"elementor-widget-wrap elementor-element-populated\">\n\t\t\t\t\t\t<div class=\"elementor-element elementor-element-13354ca elementor-shape-rounded elementor-grid-0 e-grid-align-center elementor-widget elementor-widget-social-icons\" data-id=\"13354ca\" data-element_type=\"widget\" data-e-type=\"widget\" data-widget_type=\"social-icons.default\">\n\t\t\t\t<div class=\"elementor-widget-container\">\n\t\t\t\t\t\t\t<div class=\"elementor-social-icons-wrapper elementor-grid\" role=\"list\">\n\t\t\t\t\t\t\t<span class=\"elementor-grid-item\" role=\"listitem\">\n\t\t\t\t\t<a class=\"elementor-icon elementor-social-icon elementor-social-icon-facebook elementor-repeater-item-f354b16\" href=\"https:\/\/www.facebook.com\/p\/Valenmusic-100064038545260\/\" target=\"_blank\">\n\t\t\t\t\t\t<span class=\"elementor-screen-only\">Facebook<\/span>\n\t\t\t\t\t\t<i aria-hidden=\"true\" class=\"fab fa-facebook\"><\/i>\t\t\t\t\t<\/a>\n\t\t\t\t<\/span>\n\t\t\t\t\t\t\t<span class=\"elementor-grid-item\" role=\"listitem\">\n\t\t\t\t\t<a class=\"elementor-icon elementor-social-icon elementor-social-icon-youtube elementor-repeater-item-9b795c7\" href=\"https:\/\/www.youtube.com\/@valenmusicofficial\" target=\"_blank\">\n\t\t\t\t\t\t<span class=\"elementor-screen-only\">Youtube<\/span>\n\t\t\t\t\t\t<i aria-hidden=\"true\" class=\"fab fa-youtube\"><\/i>\t\t\t\t\t<\/a>\n\t\t\t\t<\/span>\n\t\t\t\t\t\t\t<span class=\"elementor-grid-item\" role=\"listitem\">\n\t\t\t\t\t<a class=\"elementor-icon elementor-social-icon elementor-social-icon-spotify elementor-repeater-item-0f05e0f\" href=\"https:\/\/open.spotify.com\/artist\/0wZe2E4GTAvN6saDEF2c5L\" target=\"_blank\">\n\t\t\t\t\t\t<span class=\"elementor-screen-only\">Spotify<\/span>\n\t\t\t\t\t\t<i aria-hidden=\"true\" class=\"fab fa-spotify\"><\/i>\t\t\t\t\t<\/a>\n\t\t\t\t<\/span>\n\t\t\t\t\t\t\t<span class=\"elementor-grid-item\" role=\"listitem\">\n\t\t\t\t\t<a class=\"elementor-icon elementor-social-icon elementor-social-icon-instagram elementor-repeater-item-a5065fe\" href=\"https:\/\/www.instagram.com\/_valenmusic_\/\" target=\"_blank\">\n\t\t\t\t\t\t<span class=\"elementor-screen-only\">Instagram<\/span>\n\t\t\t\t\t\t<i aria-hidden=\"true\" class=\"fab fa-instagram\"><\/i>\t\t\t\t\t<\/a>\n\t\t\t\t<\/span>\n\t\t\t\t\t<\/div>\n\t\t\t\t\t\t<\/div>\n\t\t\t\t<\/div>\n\t\t\t\t\t<\/div>\n\t\t<\/div>\n\t\t\t\t\t<\/div>\n\t\t<\/section>\n\t\t\t\t<\/div>","protected":false},"excerpt":{"rendered":"<p>VALEN His passion for bachata was born in Dublin, visiting Latin music nightclubs where he learned to dance and enjoy this musical genre full of guitars, melodies, and poetry. This inspired him to pursue this path, leading him to begin a project that took more than five years to prepare and develop, resulting in an&hellip;&nbsp;<a href=\"https:\/\/valenmusic.com\/es\/videos\/\" rel=\"bookmark\">Leer m\u00e1s &raquo;<span class=\"screen-reader-text\">VIDEOS<\/span><\/a><\/p>","protected":false},"author":1,"featured_media":0,"parent":0,"menu_order":0,"comment_status":"closed","ping_status":"closed","template":"page-templates\/template-pagebuilder-full-width.php","meta":{"neve_meta_sidebar":"","neve_meta_container":"","neve_meta_enable_content_width":"","neve_meta_content_width":70,"neve_meta_title_alignment":"","neve_meta_author_avatar":"","neve_post_elements_order":"","neve_meta_disable_header":"","neve_meta_disable_footer":"","neve_meta_disable_title":"","_themeisle_gutenberg_block_has_review":false,"footnotes":""},"class_list":["post-9","page","type-page","status-publish","hentry"],"jetpack_sharing_enabled":true,"_links":{"self":[{"href":"https:\/\/valenmusic.com\/es\/wp-json\/wp\/v2\/pages\/9","targetHints":{"allow":["GET"]}}],"collection":[{"href":"https:\/\/valenmusic.com\/es\/wp-json\/wp\/v2\/pages"}],"about":[{"href":"https:\/\/valenmusic.com\/es\/wp-json\/wp\/v2\/types\/page"}],"author":[{"embeddable":true,"href":"https:\/\/valenmusic.com\/es\/wp-json\/wp\/v2\/users\/1"}],"replies":[{"embeddable":true,"href":"https:\/\/valenmusic.com\/es\/wp-json\/wp\/v2\/comments?post=9"}],"version-history":[{"count":47,"href":"https:\/\/valenmusic.com\/es\/wp-json\/wp\/v2\/pages\/9\/revisions"}],"predecessor-version":[{"id":730,"href":"https:\/\/valenmusic.com\/es\/wp-json\/wp\/v2\/pages\/9\/revisions\/730"}],"wp:attachment":[{"href":"https:\/\/valenmusic.com\/es\/wp-json\/wp\/v2\/media?parent=9"}],"curies":[{"name":"wp","href":"https:\/\/api.w.org\/{rel}","templated":true}]}}