{"id":237,"date":"2019-06-25T13:43:30","date_gmt":"2019-06-25T13:43:30","guid":{"rendered":"https:\/\/valenmusic.com\/?post_type=product&#038;p=237"},"modified":"2019-07-09T01:21:04","modified_gmt":"2019-07-09T01:21:04","slug":"valen-army","status":"publish","type":"product","link":"https:\/\/valenmusic.com\/es\/producto\/valen-army\/","title":{"rendered":"<div class=\"wcmp-player-container product-237\"><audio controlslist=\"nodownload\" data-product=\"237\"  volume=\"1\" id=\"237\" preload=\"none\" data-lazyloading=\"none\" class=\"wcmp-player track mejs-classic\" data-duration=\"3:47\"><source src=\"https:\/\/valenmusic.com\/wp-content\/uploads\/wcmp\/f6f9e346881e44ea3bd8c4cfeed9458b.wav\" type=\"audio\/wav\" \/><\/audio><\/div>Valen&#8217;s Army"},"content":{"rendered":"","protected":false},"excerpt":{"rendered":"<p>Una canci\u00f3n inspirada en los videojuegos y las pel\u00edculas de ciencia ficci\u00f3n de la guerra.<br \/>\nProducci\u00f3n original de Dj Valen Alien, 2019.<\/p>","protected":false},"featured_media":135,"comment_status":"closed","ping_status":"closed","template":"","meta":{"neve_meta_sidebar":"","neve_meta_container":"","neve_meta_enable_content_width":"","neve_meta_content_width":70,"neve_meta_title_alignment":"","neve_meta_author_avatar":"","neve_post_elements_order":"","neve_meta_disable_header":"","neve_meta_disable_footer":"","neve_meta_disable_title":"","_themeisle_gutenberg_block_has_review":false},"class_list":["post-237","product","type-product","status-publish","has-post-thumbnail","hentry","product_cat-dj-valen-alien-music","product_tag-djvalenmusic","product_tag-music","product_tag-valen-army","product_tag-valensarmy","product_tag-valenarmy"],"jetpack_sharing_enabled":true,"_links":{"self":[{"href":"https:\/\/valenmusic.com\/es\/wp-json\/wp\/v2\/product\/237","targetHints":{"allow":["GET"]}}],"collection":[{"href":"https:\/\/valenmusic.com\/es\/wp-json\/wp\/v2\/product"}],"about":[{"href":"https:\/\/valenmusic.com\/es\/wp-json\/wp\/v2\/types\/product"}],"replies":[{"embeddable":true,"href":"https:\/\/valenmusic.com\/es\/wp-json\/wp\/v2\/comments?post=237"}],"wp:featuredmedia":[{"embeddable":true,"href":"https:\/\/valenmusic.com\/es\/wp-json\/wp\/v2\/media\/135"}],"wp:attachment":[{"href":"https:\/\/valenmusic.com\/es\/wp-json\/wp\/v2\/media?parent=237"}],"curies":[{"name":"wp","href":"https:\/\/api.w.org\/{rel}","templated":true}]}}